{"id":1071,"date":"2023-06-10T21:42:43","date_gmt":"2023-06-10T21:42:43","guid":{"rendered":"https:\/\/creandolibros.es\/encuadernacion-y-acuarela-en-santander-2\/?page_id=1071"},"modified":"2025-05-27T16:49:51","modified_gmt":"2025-05-27T16:49:51","slug":"talleres-de-tecnicas","status":"publish","type":"page","link":"https:\/\/creandolibros.es\/encuadernacion-y-acuarela-en-santander-2\/talleres-de-tecnicas\/","title":{"rendered":"Talleres de t\u00e9cnicas art\u00edsticas"},"content":{"rendered":"\n<p>Proponemos talleres de t\u00e9cnicas art\u00edsticas, al igual que nuestros <a href=\"https:\/\/creandolibros.es\/encuadernacion-y-acuarela-en-santander-2\/talleres-de-encuadernacion\/\">talleres de encuadernaci\u00f3n<\/a>, durante los fines semana, principalmente los s\u00e1bados. Ya sean de iniciaci\u00f3n o sobre \u00e1reas concretas de cualquier t\u00e9cnica, est\u00e1n pensados para que sean divertidos y sirvan de aprendizaje y est\u00edmulo a las participantes. Queremos que salgan de ellos con la motivaci\u00f3n alta y con ganas de ponerse a practicar en casa. Para asistir y disfrutar de la mayor\u00eda de ellos no son necesarios conocimientos previos y los materiales est\u00e1n incluidos.<br>Los talleres de t\u00e9cnicas art\u00edsticas est\u00e1n dirigidos a toda persona interesada en la materia objeto del taller, con experiencia o sin ella, o que simplemente quiera pasar un rato divertido trabajando con las manos. Se imparten tanto dentro como fuera de la escuela en colaboraci\u00f3n con otros agentes culturales o particulares.<br>El precio de cada taller depender\u00e1 de su duraci\u00f3n y del contenido del mismo. Iremos informando puntualmente de ellos aqu\u00ed, como a trav\u00e9s de <a href=\"https:\/\/www.facebook.com\/creandolibrosarte\" target=\"_blank\" rel=\"noreferrer noopener\">redes<\/a> sociales.<\/p>\n\n\n\n<h2 class=\"wp-block-heading\">\u00daltimos talleres propuestos:<\/h2>\n\n\n\n<ul class=\"wp-block-list\">\n<li><a href=\"https:\/\/creandolibros.es\/encuadernacion-y-acuarela-en-santander-2\/iniciacion-al-dibujo\/\"><strong>Taller de iniciaci\u00f3n al dibujo, 7 de junio 2025<\/strong><\/a><\/li>\n\n\n\n<li><strong><a href=\"https:\/\/creandolibros.es\/encuadernacion-y-acuarela-en-santander-2\/iniciacion-a-la-acuarela\/\" target=\"_blank\" rel=\"noreferrer noopener\">Taller de Iniciaci\u00f3n a la Acuarela, 5 de octubre 2024<\/a><\/strong><\/li>\n\n\n\n<li><a href=\"https:\/\/creandolibros.es\/encuadernacion-y-acuarela-en-santander-2\/masterclass-de-acuarela-21-de-septiembre\/\" target=\"_blank\" rel=\"noreferrer noopener\"><strong>Masterclass de acuarela, 21 de septiembre<\/strong> <strong>2024<\/strong><\/a><\/li>\n\n\n\n<li><strong><a href=\"https:\/\/creandolibros.es\/encuadernacion-y-acuarela-en-santander-2\/taller-de-acuarela-postales-navidenas\/\">Taller de acuarela Postales navide\u00f1as, 9 de diciembre 2023<\/a><\/strong><\/li>\n\n\n\n<li><strong><a href=\"https:\/\/creandolibros.es\/encuadernacion-y-acuarela-en-santander-2\/taller-de-decoracion-de-papeles-al-engrudo\/\">Taller de decoraci\u00f3n de Papeles al engrudo, 18 de noviembre 2023<\/a><\/strong><\/li>\n\n\n\n<li><strong><a href=\"https:\/\/creandolibros.es\/encuadernacion-y-acuarela-en-santander-2\/taller-de-acuarela-humedo-sobre-humedo\/\">Taller de acuarela \u00abH\u00famedo sobre h\u00famedo\u00bb, 11 de noviembre 2023<\/a><\/strong><\/li>\n\n\n\n<li><strong><a href=\"https:\/\/creandolibros.es\/encuadernacion-y-acuarela-en-santander-2\/taller-iniciacion-a-la-acuarela\/\">Taller Iniciaci\u00f3n a la Acuarela, 14 de octubre 2023<\/a><\/strong><\/li>\n\n\n\n<li><a href=\"https:\/\/creandolibros.es\/encuadernacion-y-acuarela-en-santander-2\/masterclass-de-acuarela\/\"><strong>Masterclass de acuarela, 7 de octubre<\/strong> <strong>2023<\/strong><\/a><\/li>\n\n\n\n<li><a href=\"https:\/\/creandolibros.es\/encuadernacion-y-acuarela-en-santander-2\/taller-de-papeles-al-engrudo-septiembre-2023\/\"><strong>Taller de Papeles pintados al Engrudo, 30 de septiembre<\/strong> <strong>2023<\/strong><\/a><\/li>\n<\/ul>\n","protected":false},"excerpt":{"rendered":"<p>Proponemos talleres de t\u00e9cnicas art\u00edsticas, al igual que nuestros talleres de encuadernaci\u00f3n, durante los fines semana, principalmente los s\u00e1bados. Ya sean de iniciaci\u00f3n o sobre \u00e1reas concretas de cualquier t\u00e9cnica, est\u00e1n pensados para que sean divertidos y sirvan de aprendizaje y est\u00edmulo a las participantes. Queremos que salgan de ellos con la motivaci\u00f3n alta y [&hellip;]<\/p>\n","protected":false},"author":2,"featured_media":1077,"parent":0,"menu_order":0,"comment_status":"closed","ping_status":"closed","template":"","meta":{"footnotes":""},"class_list":["post-1071","page","type-page","status-publish","has-post-thumbnail","hentry","has-thumbnail"],"yoast_head":"<!-- This site is optimized with the Yoast SEO plugin v27.4 - https:\/\/yoast.com\/product\/yoast-seo-wordpress\/ -->\n<title>Talleres de t\u00e9cnicas art\u00edsticas - Creando libros<\/title>\n<meta name=\"description\" content=\"Talleres de t\u00e9cnicas art\u00edsticas, impartidos en Creando Libros, escuela de Santander, lo s\u00e1bados por la ma\u00f1ana, principalmente.\" \/>\n<meta name=\"robots\" content=\"index, follow, max-snippet:-1, max-image-preview:large, max-video-preview:-1\" \/>\n<link rel=\"canonical\" href=\"https:\/\/creandolibros.es\/encuadernacion-y-acuarela-en-santander-2\/talleres-de-tecnicas\/\" \/>\n<meta property=\"og:locale\" content=\"es_ES\" \/>\n<meta property=\"og:type\" content=\"article\" \/>\n<meta property=\"og:title\" content=\"Talleres de t\u00e9cnicas art\u00edsticas - Creando libros\" \/>\n<meta property=\"og:description\" content=\"Talleres de t\u00e9cnicas art\u00edsticas, impartidos en Creando Libros, escuela de Santander, lo s\u00e1bados por la ma\u00f1ana, principalmente.\" \/>\n<meta property=\"og:url\" content=\"https:\/\/creandolibros.es\/encuadernacion-y-acuarela-en-santander-2\/talleres-de-tecnicas\/\" \/>\n<meta property=\"og:site_name\" content=\"Creando libros\" \/>\n<meta property=\"article:publisher\" content=\"https:\/\/www.facebook.com\/creandolibrosarte\" \/>\n<meta property=\"article:modified_time\" content=\"2025-05-27T16:49:51+00:00\" \/>\n<meta property=\"og:image\" content=\"https:\/\/creandolibros.es\/wp-content\/uploads\/Talleres-de-tecnicas-artisticas.jpg\" \/>\n\t<meta property=\"og:image:width\" content=\"1800\" \/>\n\t<meta property=\"og:image:height\" content=\"1350\" \/>\n\t<meta property=\"og:image:type\" content=\"image\/jpeg\" \/>\n<meta name=\"twitter:card\" content=\"summary_large_image\" \/>\n<script type=\"application\/ld+json\" class=\"yoast-schema-graph\">{\"@context\":\"https:\\\/\\\/schema.org\",\"@graph\":[{\"@type\":\"WebPage\",\"@id\":\"https:\\\/\\\/creandolibros.es\\\/encuadernacion-y-acuarela-en-santander-2\\\/talleres-de-tecnicas\\\/\",\"url\":\"https:\\\/\\\/creandolibros.es\\\/encuadernacion-y-acuarela-en-santander-2\\\/talleres-de-tecnicas\\\/\",\"name\":\"Talleres de t\u00e9cnicas art\u00edsticas - Creando libros\",\"isPartOf\":{\"@id\":\"https:\\\/\\\/creandolibros.es\\\/encuadernacion-y-acuarela-en-santander-2\\\/#website\"},\"primaryImageOfPage\":{\"@id\":\"https:\\\/\\\/creandolibros.es\\\/encuadernacion-y-acuarela-en-santander-2\\\/talleres-de-tecnicas\\\/#primaryimage\"},\"image\":{\"@id\":\"https:\\\/\\\/creandolibros.es\\\/encuadernacion-y-acuarela-en-santander-2\\\/talleres-de-tecnicas\\\/#primaryimage\"},\"thumbnailUrl\":\"https:\\\/\\\/creandolibros.es\\\/wp-content\\\/uploads\\\/Talleres-de-tecnicas-artisticas.jpg\",\"datePublished\":\"2023-06-10T21:42:43+00:00\",\"dateModified\":\"2025-05-27T16:49:51+00:00\",\"description\":\"Talleres de t\u00e9cnicas art\u00edsticas, impartidos en Creando Libros, escuela de Santander, lo s\u00e1bados por la ma\u00f1ana, principalmente.\",\"breadcrumb\":{\"@id\":\"https:\\\/\\\/creandolibros.es\\\/encuadernacion-y-acuarela-en-santander-2\\\/talleres-de-tecnicas\\\/#breadcrumb\"},\"inLanguage\":\"es\",\"potentialAction\":[{\"@type\":\"ReadAction\",\"target\":[\"https:\\\/\\\/creandolibros.es\\\/encuadernacion-y-acuarela-en-santander-2\\\/talleres-de-tecnicas\\\/\"]}]},{\"@type\":\"ImageObject\",\"inLanguage\":\"es\",\"@id\":\"https:\\\/\\\/creandolibros.es\\\/encuadernacion-y-acuarela-en-santander-2\\\/talleres-de-tecnicas\\\/#primaryimage\",\"url\":\"https:\\\/\\\/creandolibros.es\\\/wp-content\\\/uploads\\\/Talleres-de-tecnicas-artisticas.jpg\",\"contentUrl\":\"https:\\\/\\\/creandolibros.es\\\/wp-content\\\/uploads\\\/Talleres-de-tecnicas-artisticas.jpg\",\"width\":1800,\"height\":1350,\"caption\":\"Talleres de t\u00e9cnicas art\u00edsticas en Creando Libros de Santander\"},{\"@type\":\"BreadcrumbList\",\"@id\":\"https:\\\/\\\/creandolibros.es\\\/encuadernacion-y-acuarela-en-santander-2\\\/talleres-de-tecnicas\\\/#breadcrumb\",\"itemListElement\":[{\"@type\":\"ListItem\",\"position\":1,\"name\":\"Portada\",\"item\":\"https:\\\/\\\/creandolibros.es\\\/encuadernacion-y-acuarela-en-santander-2\\\/\"},{\"@type\":\"ListItem\",\"position\":2,\"name\":\"Talleres de t\u00e9cnicas art\u00edsticas\"}]},{\"@type\":\"WebSite\",\"@id\":\"https:\\\/\\\/creandolibros.es\\\/encuadernacion-y-acuarela-en-santander-2\\\/#website\",\"url\":\"https:\\\/\\\/creandolibros.es\\\/encuadernacion-y-acuarela-en-santander-2\\\/\",\"name\":\"Creando libros\",\"description\":\"Escuela de encuadernaci\u00f3n artesanal y t\u00e9cnicas art\u00edsticas\",\"publisher\":{\"@id\":\"https:\\\/\\\/creandolibros.es\\\/encuadernacion-y-acuarela-en-santander-2\\\/#organization\"},\"potentialAction\":[{\"@type\":\"SearchAction\",\"target\":{\"@type\":\"EntryPoint\",\"urlTemplate\":\"https:\\\/\\\/creandolibros.es\\\/encuadernacion-y-acuarela-en-santander-2\\\/?s={search_term_string}\"},\"query-input\":{\"@type\":\"PropertyValueSpecification\",\"valueRequired\":true,\"valueName\":\"search_term_string\"}}],\"inLanguage\":\"es\"},{\"@type\":\"Organization\",\"@id\":\"https:\\\/\\\/creandolibros.es\\\/encuadernacion-y-acuarela-en-santander-2\\\/#organization\",\"name\":\"CreandoLibros\",\"url\":\"https:\\\/\\\/creandolibros.es\\\/encuadernacion-y-acuarela-en-santander-2\\\/\",\"logo\":{\"@type\":\"ImageObject\",\"inLanguage\":\"es\",\"@id\":\"https:\\\/\\\/creandolibros.es\\\/encuadernacion-y-acuarela-en-santander-2\\\/#\\\/schema\\\/logo\\\/image\\\/\",\"url\":\"https:\\\/\\\/creandolibros.es\\\/wp-content\\\/uploads\\\/LOGOTIPO-DEFINITVO-02.png\",\"contentUrl\":\"https:\\\/\\\/creandolibros.es\\\/wp-content\\\/uploads\\\/LOGOTIPO-DEFINITVO-02.png\",\"width\":2362,\"height\":886,\"caption\":\"CreandoLibros\"},\"image\":{\"@id\":\"https:\\\/\\\/creandolibros.es\\\/encuadernacion-y-acuarela-en-santander-2\\\/#\\\/schema\\\/logo\\\/image\\\/\"},\"sameAs\":[\"https:\\\/\\\/www.facebook.com\\\/creandolibrosarte\"]}]}<\/script>\n<!-- \/ Yoast SEO plugin. -->","yoast_head_json":{"title":"Talleres de t\u00e9cnicas art\u00edsticas - Creando libros","description":"Talleres de t\u00e9cnicas art\u00edsticas, impartidos en Creando Libros, escuela de Santander, lo s\u00e1bados por la ma\u00f1ana, principalmente.","robots":{"index":"index","follow":"follow","max-snippet":"max-snippet:-1","max-image-preview":"max-image-preview:large","max-video-preview":"max-video-preview:-1"},"canonical":"https:\/\/creandolibros.es\/encuadernacion-y-acuarela-en-santander-2\/talleres-de-tecnicas\/","og_locale":"es_ES","og_type":"article","og_title":"Talleres de t\u00e9cnicas art\u00edsticas - Creando libros","og_description":"Talleres de t\u00e9cnicas art\u00edsticas, impartidos en Creando Libros, escuela de Santander, lo s\u00e1bados por la ma\u00f1ana, principalmente.","og_url":"https:\/\/creandolibros.es\/encuadernacion-y-acuarela-en-santander-2\/talleres-de-tecnicas\/","og_site_name":"Creando libros","article_publisher":"https:\/\/www.facebook.com\/creandolibrosarte","article_modified_time":"2025-05-27T16:49:51+00:00","og_image":[{"width":1800,"height":1350,"url":"https:\/\/creandolibros.es\/wp-content\/uploads\/Talleres-de-tecnicas-artisticas.jpg","type":"image\/jpeg"}],"twitter_card":"summary_large_image","schema":{"@context":"https:\/\/schema.org","@graph":[{"@type":"WebPage","@id":"https:\/\/creandolibros.es\/encuadernacion-y-acuarela-en-santander-2\/talleres-de-tecnicas\/","url":"https:\/\/creandolibros.es\/encuadernacion-y-acuarela-en-santander-2\/talleres-de-tecnicas\/","name":"Talleres de t\u00e9cnicas art\u00edsticas - Creando libros","isPartOf":{"@id":"https:\/\/creandolibros.es\/encuadernacion-y-acuarela-en-santander-2\/#website"},"primaryImageOfPage":{"@id":"https:\/\/creandolibros.es\/encuadernacion-y-acuarela-en-santander-2\/talleres-de-tecnicas\/#primaryimage"},"image":{"@id":"https:\/\/creandolibros.es\/encuadernacion-y-acuarela-en-santander-2\/talleres-de-tecnicas\/#primaryimage"},"thumbnailUrl":"https:\/\/creandolibros.es\/wp-content\/uploads\/Talleres-de-tecnicas-artisticas.jpg","datePublished":"2023-06-10T21:42:43+00:00","dateModified":"2025-05-27T16:49:51+00:00","description":"Talleres de t\u00e9cnicas art\u00edsticas, impartidos en Creando Libros, escuela de Santander, lo s\u00e1bados por la ma\u00f1ana, principalmente.","breadcrumb":{"@id":"https:\/\/creandolibros.es\/encuadernacion-y-acuarela-en-santander-2\/talleres-de-tecnicas\/#breadcrumb"},"inLanguage":"es","potentialAction":[{"@type":"ReadAction","target":["https:\/\/creandolibros.es\/encuadernacion-y-acuarela-en-santander-2\/talleres-de-tecnicas\/"]}]},{"@type":"ImageObject","inLanguage":"es","@id":"https:\/\/creandolibros.es\/encuadernacion-y-acuarela-en-santander-2\/talleres-de-tecnicas\/#primaryimage","url":"https:\/\/creandolibros.es\/wp-content\/uploads\/Talleres-de-tecnicas-artisticas.jpg","contentUrl":"https:\/\/creandolibros.es\/wp-content\/uploads\/Talleres-de-tecnicas-artisticas.jpg","width":1800,"height":1350,"caption":"Talleres de t\u00e9cnicas art\u00edsticas en Creando Libros de Santander"},{"@type":"BreadcrumbList","@id":"https:\/\/creandolibros.es\/encuadernacion-y-acuarela-en-santander-2\/talleres-de-tecnicas\/#breadcrumb","itemListElement":[{"@type":"ListItem","position":1,"name":"Portada","item":"https:\/\/creandolibros.es\/encuadernacion-y-acuarela-en-santander-2\/"},{"@type":"ListItem","position":2,"name":"Talleres de t\u00e9cnicas art\u00edsticas"}]},{"@type":"WebSite","@id":"https:\/\/creandolibros.es\/encuadernacion-y-acuarela-en-santander-2\/#website","url":"https:\/\/creandolibros.es\/encuadernacion-y-acuarela-en-santander-2\/","name":"Creando libros","description":"Escuela de encuadernaci\u00f3n artesanal y t\u00e9cnicas art\u00edsticas","publisher":{"@id":"https:\/\/creandolibros.es\/encuadernacion-y-acuarela-en-santander-2\/#organization"},"potentialAction":[{"@type":"SearchAction","target":{"@type":"EntryPoint","urlTemplate":"https:\/\/creandolibros.es\/encuadernacion-y-acuarela-en-santander-2\/?s={search_term_string}"},"query-input":{"@type":"PropertyValueSpecification","valueRequired":true,"valueName":"search_term_string"}}],"inLanguage":"es"},{"@type":"Organization","@id":"https:\/\/creandolibros.es\/encuadernacion-y-acuarela-en-santander-2\/#organization","name":"CreandoLibros","url":"https:\/\/creandolibros.es\/encuadernacion-y-acuarela-en-santander-2\/","logo":{"@type":"ImageObject","inLanguage":"es","@id":"https:\/\/creandolibros.es\/encuadernacion-y-acuarela-en-santander-2\/#\/schema\/logo\/image\/","url":"https:\/\/creandolibros.es\/wp-content\/uploads\/LOGOTIPO-DEFINITVO-02.png","contentUrl":"https:\/\/creandolibros.es\/wp-content\/uploads\/LOGOTIPO-DEFINITVO-02.png","width":2362,"height":886,"caption":"CreandoLibros"},"image":{"@id":"https:\/\/creandolibros.es\/encuadernacion-y-acuarela-en-santander-2\/#\/schema\/logo\/image\/"},"sameAs":["https:\/\/www.facebook.com\/creandolibrosarte"]}]}},"_links":{"self":[{"href":"https:\/\/creandolibros.es\/encuadernacion-y-acuarela-en-santander-2\/wp-json\/wp\/v2\/pages\/1071","targetHints":{"allow":["GET"]}}],"collection":[{"href":"https:\/\/creandolibros.es\/encuadernacion-y-acuarela-en-santander-2\/wp-json\/wp\/v2\/pages"}],"about":[{"href":"https:\/\/creandolibros.es\/encuadernacion-y-acuarela-en-santander-2\/wp-json\/wp\/v2\/types\/page"}],"author":[{"embeddable":true,"href":"https:\/\/creandolibros.es\/encuadernacion-y-acuarela-en-santander-2\/wp-json\/wp\/v2\/users\/2"}],"replies":[{"embeddable":true,"href":"https:\/\/creandolibros.es\/encuadernacion-y-acuarela-en-santander-2\/wp-json\/wp\/v2\/comments?post=1071"}],"version-history":[{"count":28,"href":"https:\/\/creandolibros.es\/encuadernacion-y-acuarela-en-santander-2\/wp-json\/wp\/v2\/pages\/1071\/revisions"}],"predecessor-version":[{"id":1828,"href":"https:\/\/creandolibros.es\/encuadernacion-y-acuarela-en-santander-2\/wp-json\/wp\/v2\/pages\/1071\/revisions\/1828"}],"wp:featuredmedia":[{"embeddable":true,"href":"https:\/\/creandolibros.es\/encuadernacion-y-acuarela-en-santander-2\/wp-json\/wp\/v2\/media\/1077"}],"wp:attachment":[{"href":"https:\/\/creandolibros.es\/encuadernacion-y-acuarela-en-santander-2\/wp-json\/wp\/v2\/media?parent=1071"}],"curies":[{"name":"wp","href":"https:\/\/api.w.org\/{rel}","templated":true}]}}