{"id":202,"date":"2021-09-27T20:22:42","date_gmt":"2021-09-27T20:22:42","guid":{"rendered":"https:\/\/creandolibros.es\/?page_id=202"},"modified":"2023-03-03T21:13:19","modified_gmt":"2023-03-03T21:13:19","slug":"contacto","status":"publish","type":"page","link":"https:\/\/creandolibros.es\/encuadernacion-y-acuarela-en-santander-2\/contacto\/","title":{"rendered":"Contacto"},"content":{"rendered":"\n<p>Estamos abiertos a sugerencias, nuevos <a href=\"https:\/\/creandolibros.es\/trabajos-de-encuadernacion\/\" target=\"_blank\" rel=\"noreferrer noopener\">proyectos<\/a> y encargos. Nos gusta relacionarnos con personas, y toda relaci\u00f3n nueva empieza con un contacto inicial. Escr\u00edbenos y te contestaremos en el plazo m\u00e1s breve posible.<br><br>Puedes <a href=\"https:\/\/www.google.com\/maps\/place\/Creando+Libros\/@43.4613785,-3.8245781,15z\/data=!4m2!3m1!1s0x0:0xca4ad9b123535d88?sa=X&amp;ved=2ahUKEwip7PbC-PD2AhVHKBoKHV2mCs0Q_BJ6BAgvEAU\" target=\"_blank\" rel=\"noreferrer noopener\">encontrarnos<\/a> en la <a href=\"https:\/\/www.google.com\/maps\/place\/Creando+Libros\/@43.4612908,-3.8244069,17z\/data=!3m1!4b1!4m5!3m4!1s0x0:0xca4ad9b123535d88!8m2!3d43.4613932!4d-3.8246073\" target=\"_blank\" rel=\"noreferrer noopener\"><strong>C\/ Camilo Alonso Vega 28, bajo, de Santander<\/strong>.<\/a><br>Nuestro horario es de <strong>10:30 a 14:00 y de 17:30 a 20:30 h, de lunes a viernes.<\/strong><\/p>\n\n\n\n<div class=\"wpcf7 no-js\" id=\"wpcf7-f337-o1\" lang=\"es-ES\" dir=\"ltr\" data-wpcf7-id=\"337\">\n<div class=\"screen-reader-response\"><p role=\"status\" aria-live=\"polite\" aria-atomic=\"true\"><\/p> <ul><\/ul><\/div>\n<form action=\"\/encuadernacion-y-acuarela-en-santander-2\/wp-json\/wp\/v2\/pages\/202#wpcf7-f337-o1\" method=\"post\" class=\"wpcf7-form init\" aria-label=\"Formulario de contacto\" novalidate=\"novalidate\" data-status=\"init\">\n<fieldset class=\"hidden-fields-container\"><input type=\"hidden\" name=\"_wpcf7\" value=\"337\" \/><input type=\"hidden\" name=\"_wpcf7_version\" value=\"6.1.5\" \/><input type=\"hidden\" name=\"_wpcf7_locale\" value=\"es_ES\" \/><input type=\"hidden\" name=\"_wpcf7_unit_tag\" value=\"wpcf7-f337-o1\" \/><input type=\"hidden\" name=\"_wpcf7_container_post\" value=\"0\" \/><input type=\"hidden\" name=\"_wpcf7_posted_data_hash\" value=\"\" \/>\n<\/fieldset>\n<p><label> Tu nombre<br \/>\n<span class=\"wpcf7-form-control-wrap\" data-name=\"your-name\"><input size=\"40\" maxlength=\"400\" class=\"wpcf7-form-control wpcf7-text wpcf7-validates-as-required\" aria-required=\"true\" aria-invalid=\"false\" value=\"\" type=\"text\" name=\"your-name\" \/><\/span> <\/label>\n<\/p>\n<p><label> Tu correo electr\u00f3nico<br \/>\n<span class=\"wpcf7-form-control-wrap\" data-name=\"your-email\"><input size=\"40\" maxlength=\"400\" class=\"wpcf7-form-control wpcf7-email wpcf7-validates-as-required wpcf7-text wpcf7-validates-as-email\" aria-required=\"true\" aria-invalid=\"false\" value=\"\" type=\"email\" name=\"your-email\" \/><\/span> <\/label>\n<\/p>\n<p><label> Asunto<br \/>\n<span class=\"wpcf7-form-control-wrap\" data-name=\"your-subject\"><input size=\"40\" maxlength=\"400\" class=\"wpcf7-form-control wpcf7-text wpcf7-validates-as-required\" aria-required=\"true\" aria-invalid=\"false\" value=\"\" type=\"text\" name=\"your-subject\" \/><\/span> <\/label>\n<\/p>\n<p><label> Tu mensaje (opcional)<br \/>\n<span class=\"wpcf7-form-control-wrap\" data-name=\"your-message\"><textarea cols=\"40\" rows=\"10\" maxlength=\"2000\" class=\"wpcf7-form-control wpcf7-textarea\" aria-invalid=\"false\" name=\"your-message\"><\/textarea><\/span> <\/label><br \/>\n<span class=\"wpcf7-form-control-wrap\" data-name=\"your-consent\"><span class=\"wpcf7-form-control wpcf7-acceptance\"><span class=\"wpcf7-list-item\"><label><input type=\"checkbox\" name=\"your-consent\" value=\"1\" aria-invalid=\"false\" \/><span class=\"wpcf7-list-item-label\">He le\u00eddo y acepto la <a href=\"\/politica-de-privacidad\">pol\u00edtica de privacidad<\/a>.<\/span><\/label><\/span><\/span><\/span><br \/>\n<input class=\"wpcf7-form-control wpcf7-submit has-spinner\" type=\"submit\" value=\"Enviar\" \/>\n<\/p><p style=\"display: none !important;\" class=\"akismet-fields-container\" data-prefix=\"_wpcf7_ak_\"><label>&#916;<textarea name=\"_wpcf7_ak_hp_textarea\" cols=\"45\" rows=\"8\" maxlength=\"100\"><\/textarea><\/label><input type=\"hidden\" id=\"ak_js_1\" name=\"_wpcf7_ak_js\" value=\"44\"\/><script>document.getElementById( \"ak_js_1\" ).setAttribute( \"value\", ( new Date() ).getTime() );<\/script><\/p><div class=\"wpcf7-response-output\" aria-hidden=\"true\"><\/div>\n<\/form>\n<\/div>\n\n\n\n\n<p><\/p>\n\n\n<p>[argpd_deber_de_informar]<\/p>\n","protected":false},"excerpt":{"rendered":"<p>Estamos abiertos a sugerencias, nuevos proyectos y encargos. Nos gusta relacionarnos con personas, y toda relaci\u00f3n nueva empieza con un contacto inicial. Escr\u00edbenos y te contestaremos en el plazo m\u00e1s breve posible. Puedes encontrarnos en la C\/ Camilo Alonso Vega 28, bajo, de Santander.Nuestro horario es de 10:30 a 14:00 y de 17:30 a 20:30 [&hellip;]<\/p>\n","protected":false},"author":2,"featured_media":910,"parent":0,"menu_order":0,"comment_status":"closed","ping_status":"closed","template":"","meta":{"footnotes":""},"class_list":["post-202","page","type-page","status-publish","has-post-thumbnail","hentry","has-thumbnail"],"yoast_head":"<!-- This site is optimized with the Yoast SEO plugin v27.4 - https:\/\/yoast.com\/product\/yoast-seo-wordpress\/ -->\n<title>Contacto - Creando libros<\/title>\n<meta name=\"description\" content=\"contacto es la pagina de contacto de creando libros, escuela de encuadernacio, acuarela y t\u00e9cnicas art\u00edsticas de Santander\" \/>\n<meta name=\"robots\" content=\"index, follow, max-snippet:-1, max-image-preview:large, max-video-preview:-1\" \/>\n<link rel=\"canonical\" href=\"https:\/\/creandolibros.es\/encuadernacion-y-acuarela-en-santander-2\/contacto\/\" \/>\n<meta property=\"og:locale\" content=\"es_ES\" \/>\n<meta property=\"og:type\" content=\"article\" \/>\n<meta property=\"og:title\" content=\"Contacto - Creando libros\" \/>\n<meta property=\"og:description\" content=\"contacto es la pagina de contacto de creando libros, escuela de encuadernacio, acuarela y t\u00e9cnicas art\u00edsticas de Santander\" \/>\n<meta property=\"og:url\" content=\"https:\/\/creandolibros.es\/encuadernacion-y-acuarela-en-santander-2\/contacto\/\" \/>\n<meta property=\"og:site_name\" content=\"Creando libros\" \/>\n<meta property=\"article:publisher\" content=\"https:\/\/www.facebook.com\/creandolibrosarte\" \/>\n<meta property=\"article:modified_time\" content=\"2023-03-03T21:13:19+00:00\" \/>\n<meta property=\"og:image\" content=\"https:\/\/creandolibros.es\/wp-content\/uploads\/CONTACTO-3.jpg\" \/>\n\t<meta property=\"og:image:width\" content=\"1800\" \/>\n\t<meta property=\"og:image:height\" content=\"660\" \/>\n\t<meta property=\"og:image:type\" content=\"image\/jpeg\" \/>\n<meta name=\"twitter:card\" content=\"summary_large_image\" \/>\n<script type=\"application\/ld+json\" class=\"yoast-schema-graph\">{\"@context\":\"https:\\\/\\\/schema.org\",\"@graph\":[{\"@type\":\"WebPage\",\"@id\":\"https:\\\/\\\/creandolibros.es\\\/encuadernacion-y-acuarela-en-santander-2\\\/contacto\\\/\",\"url\":\"https:\\\/\\\/creandolibros.es\\\/encuadernacion-y-acuarela-en-santander-2\\\/contacto\\\/\",\"name\":\"Contacto - Creando libros\",\"isPartOf\":{\"@id\":\"https:\\\/\\\/creandolibros.es\\\/encuadernacion-y-acuarela-en-santander-2\\\/#website\"},\"primaryImageOfPage\":{\"@id\":\"https:\\\/\\\/creandolibros.es\\\/encuadernacion-y-acuarela-en-santander-2\\\/contacto\\\/#primaryimage\"},\"image\":{\"@id\":\"https:\\\/\\\/creandolibros.es\\\/encuadernacion-y-acuarela-en-santander-2\\\/contacto\\\/#primaryimage\"},\"thumbnailUrl\":\"https:\\\/\\\/creandolibros.es\\\/wp-content\\\/uploads\\\/CONTACTO-3.jpg\",\"datePublished\":\"2021-09-27T20:22:42+00:00\",\"dateModified\":\"2023-03-03T21:13:19+00:00\",\"description\":\"contacto es la pagina de contacto de creando libros, escuela de encuadernacio, acuarela y t\u00e9cnicas art\u00edsticas de Santander\",\"breadcrumb\":{\"@id\":\"https:\\\/\\\/creandolibros.es\\\/encuadernacion-y-acuarela-en-santander-2\\\/contacto\\\/#breadcrumb\"},\"inLanguage\":\"es\",\"potentialAction\":[{\"@type\":\"ReadAction\",\"target\":[\"https:\\\/\\\/creandolibros.es\\\/encuadernacion-y-acuarela-en-santander-2\\\/contacto\\\/\"]}]},{\"@type\":\"ImageObject\",\"inLanguage\":\"es\",\"@id\":\"https:\\\/\\\/creandolibros.es\\\/encuadernacion-y-acuarela-en-santander-2\\\/contacto\\\/#primaryimage\",\"url\":\"https:\\\/\\\/creandolibros.es\\\/wp-content\\\/uploads\\\/CONTACTO-3.jpg\",\"contentUrl\":\"https:\\\/\\\/creandolibros.es\\\/wp-content\\\/uploads\\\/CONTACTO-3.jpg\",\"width\":1800,\"height\":660,\"caption\":\"Contacto de la web de Creando Libros, escuela de encuadernaci\u00f3n y t\u00e9cnicas art\u00edsticas en Santander.\"},{\"@type\":\"BreadcrumbList\",\"@id\":\"https:\\\/\\\/creandolibros.es\\\/encuadernacion-y-acuarela-en-santander-2\\\/contacto\\\/#breadcrumb\",\"itemListElement\":[{\"@type\":\"ListItem\",\"position\":1,\"name\":\"Portada\",\"item\":\"https:\\\/\\\/creandolibros.es\\\/encuadernacion-y-acuarela-en-santander-2\\\/\"},{\"@type\":\"ListItem\",\"position\":2,\"name\":\"Contacto\"}]},{\"@type\":\"WebSite\",\"@id\":\"https:\\\/\\\/creandolibros.es\\\/encuadernacion-y-acuarela-en-santander-2\\\/#website\",\"url\":\"https:\\\/\\\/creandolibros.es\\\/encuadernacion-y-acuarela-en-santander-2\\\/\",\"name\":\"Creando libros\",\"description\":\"Escuela de encuadernaci\u00f3n artesanal y t\u00e9cnicas art\u00edsticas\",\"publisher\":{\"@id\":\"https:\\\/\\\/creandolibros.es\\\/encuadernacion-y-acuarela-en-santander-2\\\/#organization\"},\"potentialAction\":[{\"@type\":\"SearchAction\",\"target\":{\"@type\":\"EntryPoint\",\"urlTemplate\":\"https:\\\/\\\/creandolibros.es\\\/encuadernacion-y-acuarela-en-santander-2\\\/?s={search_term_string}\"},\"query-input\":{\"@type\":\"PropertyValueSpecification\",\"valueRequired\":true,\"valueName\":\"search_term_string\"}}],\"inLanguage\":\"es\"},{\"@type\":\"Organization\",\"@id\":\"https:\\\/\\\/creandolibros.es\\\/encuadernacion-y-acuarela-en-santander-2\\\/#organization\",\"name\":\"CreandoLibros\",\"url\":\"https:\\\/\\\/creandolibros.es\\\/encuadernacion-y-acuarela-en-santander-2\\\/\",\"logo\":{\"@type\":\"ImageObject\",\"inLanguage\":\"es\",\"@id\":\"https:\\\/\\\/creandolibros.es\\\/encuadernacion-y-acuarela-en-santander-2\\\/#\\\/schema\\\/logo\\\/image\\\/\",\"url\":\"https:\\\/\\\/creandolibros.es\\\/wp-content\\\/uploads\\\/LOGOTIPO-DEFINITVO-02.png\",\"contentUrl\":\"https:\\\/\\\/creandolibros.es\\\/wp-content\\\/uploads\\\/LOGOTIPO-DEFINITVO-02.png\",\"width\":2362,\"height\":886,\"caption\":\"CreandoLibros\"},\"image\":{\"@id\":\"https:\\\/\\\/creandolibros.es\\\/encuadernacion-y-acuarela-en-santander-2\\\/#\\\/schema\\\/logo\\\/image\\\/\"},\"sameAs\":[\"https:\\\/\\\/www.facebook.com\\\/creandolibrosarte\"]}]}<\/script>\n<!-- \/ Yoast SEO plugin. -->","yoast_head_json":{"title":"Contacto - Creando libros","description":"contacto es la pagina de contacto de creando libros, escuela de encuadernacio, acuarela y t\u00e9cnicas art\u00edsticas de Santander","robots":{"index":"index","follow":"follow","max-snippet":"max-snippet:-1","max-image-preview":"max-image-preview:large","max-video-preview":"max-video-preview:-1"},"canonical":"https:\/\/creandolibros.es\/encuadernacion-y-acuarela-en-santander-2\/contacto\/","og_locale":"es_ES","og_type":"article","og_title":"Contacto - Creando libros","og_description":"contacto es la pagina de contacto de creando libros, escuela de encuadernacio, acuarela y t\u00e9cnicas art\u00edsticas de Santander","og_url":"https:\/\/creandolibros.es\/encuadernacion-y-acuarela-en-santander-2\/contacto\/","og_site_name":"Creando libros","article_publisher":"https:\/\/www.facebook.com\/creandolibrosarte","article_modified_time":"2023-03-03T21:13:19+00:00","og_image":[{"width":1800,"height":660,"url":"https:\/\/creandolibros.es\/wp-content\/uploads\/CONTACTO-3.jpg","type":"image\/jpeg"}],"twitter_card":"summary_large_image","schema":{"@context":"https:\/\/schema.org","@graph":[{"@type":"WebPage","@id":"https:\/\/creandolibros.es\/encuadernacion-y-acuarela-en-santander-2\/contacto\/","url":"https:\/\/creandolibros.es\/encuadernacion-y-acuarela-en-santander-2\/contacto\/","name":"Contacto - Creando libros","isPartOf":{"@id":"https:\/\/creandolibros.es\/encuadernacion-y-acuarela-en-santander-2\/#website"},"primaryImageOfPage":{"@id":"https:\/\/creandolibros.es\/encuadernacion-y-acuarela-en-santander-2\/contacto\/#primaryimage"},"image":{"@id":"https:\/\/creandolibros.es\/encuadernacion-y-acuarela-en-santander-2\/contacto\/#primaryimage"},"thumbnailUrl":"https:\/\/creandolibros.es\/wp-content\/uploads\/CONTACTO-3.jpg","datePublished":"2021-09-27T20:22:42+00:00","dateModified":"2023-03-03T21:13:19+00:00","description":"contacto es la pagina de contacto de creando libros, escuela de encuadernacio, acuarela y t\u00e9cnicas art\u00edsticas de Santander","breadcrumb":{"@id":"https:\/\/creandolibros.es\/encuadernacion-y-acuarela-en-santander-2\/contacto\/#breadcrumb"},"inLanguage":"es","potentialAction":[{"@type":"ReadAction","target":["https:\/\/creandolibros.es\/encuadernacion-y-acuarela-en-santander-2\/contacto\/"]}]},{"@type":"ImageObject","inLanguage":"es","@id":"https:\/\/creandolibros.es\/encuadernacion-y-acuarela-en-santander-2\/contacto\/#primaryimage","url":"https:\/\/creandolibros.es\/wp-content\/uploads\/CONTACTO-3.jpg","contentUrl":"https:\/\/creandolibros.es\/wp-content\/uploads\/CONTACTO-3.jpg","width":1800,"height":660,"caption":"Contacto de la web de Creando Libros, escuela de encuadernaci\u00f3n y t\u00e9cnicas art\u00edsticas en Santander."},{"@type":"BreadcrumbList","@id":"https:\/\/creandolibros.es\/encuadernacion-y-acuarela-en-santander-2\/contacto\/#breadcrumb","itemListElement":[{"@type":"ListItem","position":1,"name":"Portada","item":"https:\/\/creandolibros.es\/encuadernacion-y-acuarela-en-santander-2\/"},{"@type":"ListItem","position":2,"name":"Contacto"}]},{"@type":"WebSite","@id":"https:\/\/creandolibros.es\/encuadernacion-y-acuarela-en-santander-2\/#website","url":"https:\/\/creandolibros.es\/encuadernacion-y-acuarela-en-santander-2\/","name":"Creando libros","description":"Escuela de encuadernaci\u00f3n artesanal y t\u00e9cnicas art\u00edsticas","publisher":{"@id":"https:\/\/creandolibros.es\/encuadernacion-y-acuarela-en-santander-2\/#organization"},"potentialAction":[{"@type":"SearchAction","target":{"@type":"EntryPoint","urlTemplate":"https:\/\/creandolibros.es\/encuadernacion-y-acuarela-en-santander-2\/?s={search_term_string}"},"query-input":{"@type":"PropertyValueSpecification","valueRequired":true,"valueName":"search_term_string"}}],"inLanguage":"es"},{"@type":"Organization","@id":"https:\/\/creandolibros.es\/encuadernacion-y-acuarela-en-santander-2\/#organization","name":"CreandoLibros","url":"https:\/\/creandolibros.es\/encuadernacion-y-acuarela-en-santander-2\/","logo":{"@type":"ImageObject","inLanguage":"es","@id":"https:\/\/creandolibros.es\/encuadernacion-y-acuarela-en-santander-2\/#\/schema\/logo\/image\/","url":"https:\/\/creandolibros.es\/wp-content\/uploads\/LOGOTIPO-DEFINITVO-02.png","contentUrl":"https:\/\/creandolibros.es\/wp-content\/uploads\/LOGOTIPO-DEFINITVO-02.png","width":2362,"height":886,"caption":"CreandoLibros"},"image":{"@id":"https:\/\/creandolibros.es\/encuadernacion-y-acuarela-en-santander-2\/#\/schema\/logo\/image\/"},"sameAs":["https:\/\/www.facebook.com\/creandolibrosarte"]}]}},"_links":{"self":[{"href":"https:\/\/creandolibros.es\/encuadernacion-y-acuarela-en-santander-2\/wp-json\/wp\/v2\/pages\/202","targetHints":{"allow":["GET"]}}],"collection":[{"href":"https:\/\/creandolibros.es\/encuadernacion-y-acuarela-en-santander-2\/wp-json\/wp\/v2\/pages"}],"about":[{"href":"https:\/\/creandolibros.es\/encuadernacion-y-acuarela-en-santander-2\/wp-json\/wp\/v2\/types\/page"}],"author":[{"embeddable":true,"href":"https:\/\/creandolibros.es\/encuadernacion-y-acuarela-en-santander-2\/wp-json\/wp\/v2\/users\/2"}],"replies":[{"embeddable":true,"href":"https:\/\/creandolibros.es\/encuadernacion-y-acuarela-en-santander-2\/wp-json\/wp\/v2\/comments?post=202"}],"version-history":[{"count":18,"href":"https:\/\/creandolibros.es\/encuadernacion-y-acuarela-en-santander-2\/wp-json\/wp\/v2\/pages\/202\/revisions"}],"predecessor-version":[{"id":1000,"href":"https:\/\/creandolibros.es\/encuadernacion-y-acuarela-en-santander-2\/wp-json\/wp\/v2\/pages\/202\/revisions\/1000"}],"wp:featuredmedia":[{"embeddable":true,"href":"https:\/\/creandolibros.es\/encuadernacion-y-acuarela-en-santander-2\/wp-json\/wp\/v2\/media\/910"}],"wp:attachment":[{"href":"https:\/\/creandolibros.es\/encuadernacion-y-acuarela-en-santander-2\/wp-json\/wp\/v2\/media?parent=202"}],"curies":[{"name":"wp","href":"https:\/\/api.w.org\/{rel}","templated":true}]}}