{"id":352,"date":"2021-10-13T20:35:53","date_gmt":"2021-10-13T20:35:53","guid":{"rendered":"https:\/\/creandolibros.es\/?page_id=352"},"modified":"2026-02-28T18:35:20","modified_gmt":"2026-02-28T18:35:20","slug":"talleres-de-encuadernacion","status":"publish","type":"page","link":"https:\/\/creandolibros.es\/encuadernacion-y-acuarela-en-santander-2\/talleres-de-encuadernacion\/","title":{"rendered":"Talleres de encuadernaci\u00f3n"},"content":{"rendered":"\n<p>Regularmente proponemos talleres de encuadernaci\u00f3n artesanal o de t\u00e9cnicas relacionadas con ella, durante los fines semana. En ellos se plantea un proyecto atractivo a terminar dentro del taller. Para asistir y disfrutar de ellos no son necesarios conocimientos previos.<br>Los talleres de encuadernaci\u00f3n est\u00e1n pensados para toda persona interesada en <a href=\"https:\/\/creandolibros.es\/encuadernacion-y-acuarela-en-santander-2\/clases-de-encuadernacion-2\/\">este arte<\/a>, o que simplemente quiera pasar un rato divertido trabajando con las manos, llev\u00e1ndose a casa su propia obra artesanal. Se imparten tanto dentro como fuera de la escuela en colaboraci\u00f3n con otros agentes culturales. El precio de cada taller depender\u00e1 de su duraci\u00f3n y del contenido del mismo. Iremos informando puntualmente de ellos aqu\u00ed, como a trav\u00e9s de <a href=\"https:\/\/www.facebook.com\/creandolibrosarte\" target=\"_blank\" rel=\"noreferrer noopener\">redes<\/a> sociales.<\/p>\n\n\n\n<h2 class=\"wp-block-heading\">\u00daltimos talleres realizados:<\/h2>\n\n\n\n<ul class=\"wp-block-list\">\n<li><a href=\"https:\/\/creandolibros.es\/encuadernacion-y-acuarela-en-santander-2\/cuaderno-de-ideas\/\" target=\"_blank\" rel=\"noreferrer noopener\"><strong>Taller de encuadernaci\u00f3n, Cuaderno de ideas, 14 de marzo 2026<\/strong><\/a><\/li>\n\n\n\n<li><a href=\"https:\/\/creandolibros.es\/encuadernacion-y-acuarela-en-santander-2\/taller-de-encuadernacion-agenda-2024\/\"><strong>Taller de encuadernaci\u00f3n Agenda 2024, 16 de diciembr<\/strong>e <strong>2023<\/strong><\/a><\/li>\n\n\n\n<li><strong><a href=\"https:\/\/creandolibros.es\/encuadernacion-y-acuarela-en-santander-2\/taller-de-mini-cuadernos\/\" target=\"_blank\" rel=\"noreferrer noopener\">Taller de mini cuadernos con cubierta flexible en piel, 25 de noviembre 2023<\/a><\/strong><\/li>\n\n\n\n<li><strong><a href=\"https:\/\/creandolibros.es\/encuadernacion-y-acuarela-en-santander-2\/cuaderno-de-ideas-en-tapa-dura\/\" target=\"_blank\" rel=\"noreferrer noopener\">Taller de encuadernaci\u00f3n: Cuaderno de ideas en tapa dura, 28 de octubre 2023<\/a><\/strong><\/li>\n\n\n\n<li><strong><a href=\"https:\/\/creandolibros.es\/encuadernacion-y-acuarela-en-santander-2\/taller-de-encuadernacion-costura-long-stitch\/\">Taller de encuadernaci\u00f3n Long Stitch, 9 de septiembre 2023<\/a><\/strong><\/li>\n<\/ul>\n\n\n\n<p><\/p>\n","protected":false},"excerpt":{"rendered":"<p>Regularmente proponemos talleres de encuadernaci\u00f3n artesanal o de t\u00e9cnicas relacionadas con ella, durante los fines semana. En ellos se plantea un proyecto atractivo a terminar dentro del taller. Para asistir y disfrutar de ellos no son necesarios conocimientos previos.Los talleres de encuadernaci\u00f3n est\u00e1n pensados para toda persona interesada en este arte, o que simplemente quiera [&hellip;]<\/p>\n","protected":false},"author":2,"featured_media":770,"parent":0,"menu_order":0,"comment_status":"closed","ping_status":"closed","template":"","meta":{"footnotes":""},"class_list":["post-352","page","type-page","status-publish","has-post-thumbnail","hentry","has-thumbnail"],"yoast_head":"<!-- This site is optimized with the Yoast SEO plugin v27.4 - https:\/\/yoast.com\/product\/yoast-seo-wordpress\/ -->\n<title>talleres de encuadernaci\u00f3n en Santander<\/title>\n<meta name=\"description\" content=\"talleres de encuadernaci\u00f3n artesanal en Santander organizados por Creando Libros, e impartidos por Montserrat Mu\u00f1oz\" \/>\n<meta name=\"robots\" content=\"index, follow, max-snippet:-1, max-image-preview:large, max-video-preview:-1\" \/>\n<link rel=\"canonical\" href=\"https:\/\/creandolibros.es\/encuadernacion-y-acuarela-en-santander-2\/talleres-de-encuadernacion\/\" \/>\n<meta property=\"og:locale\" content=\"es_ES\" \/>\n<meta property=\"og:type\" content=\"article\" \/>\n<meta property=\"og:title\" content=\"talleres de encuadernaci\u00f3n en Santander\" \/>\n<meta property=\"og:description\" content=\"talleres de encuadernaci\u00f3n artesanal en Santander organizados por Creando Libros, e impartidos por Montserrat Mu\u00f1oz\" \/>\n<meta property=\"og:url\" content=\"https:\/\/creandolibros.es\/encuadernacion-y-acuarela-en-santander-2\/talleres-de-encuadernacion\/\" \/>\n<meta property=\"og:site_name\" content=\"Creando libros\" \/>\n<meta property=\"article:publisher\" content=\"https:\/\/www.facebook.com\/creandolibrosarte\" \/>\n<meta property=\"article:modified_time\" content=\"2026-02-28T18:35:20+00:00\" \/>\n<meta property=\"og:image\" content=\"https:\/\/creandolibros.es\/wp-content\/uploads\/TALLERES-DE-ENCUADERNACION-EN-SANTANDER.jpg\" \/>\n\t<meta property=\"og:image:width\" content=\"1800\" \/>\n\t<meta property=\"og:image:height\" content=\"1055\" \/>\n\t<meta property=\"og:image:type\" content=\"image\/jpeg\" \/>\n<meta name=\"twitter:card\" content=\"summary_large_image\" \/>\n<script type=\"application\/ld+json\" class=\"yoast-schema-graph\">{\"@context\":\"https:\\\/\\\/schema.org\",\"@graph\":[{\"@type\":\"WebPage\",\"@id\":\"https:\\\/\\\/creandolibros.es\\\/encuadernacion-y-acuarela-en-santander-2\\\/talleres-de-encuadernacion\\\/\",\"url\":\"https:\\\/\\\/creandolibros.es\\\/encuadernacion-y-acuarela-en-santander-2\\\/talleres-de-encuadernacion\\\/\",\"name\":\"talleres de encuadernaci\u00f3n en Santander\",\"isPartOf\":{\"@id\":\"https:\\\/\\\/creandolibros.es\\\/encuadernacion-y-acuarela-en-santander-2\\\/#website\"},\"primaryImageOfPage\":{\"@id\":\"https:\\\/\\\/creandolibros.es\\\/encuadernacion-y-acuarela-en-santander-2\\\/talleres-de-encuadernacion\\\/#primaryimage\"},\"image\":{\"@id\":\"https:\\\/\\\/creandolibros.es\\\/encuadernacion-y-acuarela-en-santander-2\\\/talleres-de-encuadernacion\\\/#primaryimage\"},\"thumbnailUrl\":\"https:\\\/\\\/creandolibros.es\\\/wp-content\\\/uploads\\\/TALLERES-DE-ENCUADERNACION-EN-SANTANDER.jpg\",\"datePublished\":\"2021-10-13T20:35:53+00:00\",\"dateModified\":\"2026-02-28T18:35:20+00:00\",\"description\":\"talleres de encuadernaci\u00f3n artesanal en Santander organizados por Creando Libros, e impartidos por Montserrat Mu\u00f1oz\",\"breadcrumb\":{\"@id\":\"https:\\\/\\\/creandolibros.es\\\/encuadernacion-y-acuarela-en-santander-2\\\/talleres-de-encuadernacion\\\/#breadcrumb\"},\"inLanguage\":\"es\",\"potentialAction\":[{\"@type\":\"ReadAction\",\"target\":[\"https:\\\/\\\/creandolibros.es\\\/encuadernacion-y-acuarela-en-santander-2\\\/talleres-de-encuadernacion\\\/\"]}]},{\"@type\":\"ImageObject\",\"inLanguage\":\"es\",\"@id\":\"https:\\\/\\\/creandolibros.es\\\/encuadernacion-y-acuarela-en-santander-2\\\/talleres-de-encuadernacion\\\/#primaryimage\",\"url\":\"https:\\\/\\\/creandolibros.es\\\/wp-content\\\/uploads\\\/TALLERES-DE-ENCUADERNACION-EN-SANTANDER.jpg\",\"contentUrl\":\"https:\\\/\\\/creandolibros.es\\\/wp-content\\\/uploads\\\/TALLERES-DE-ENCUADERNACION-EN-SANTANDER.jpg\",\"width\":1800,\"height\":1055,\"caption\":\"Talleres de encuadernaci\u00f3n en Santander impartidos por Montserrat Mu\u00f1oz Mu\u00f1oz, en Creando Libros\"},{\"@type\":\"BreadcrumbList\",\"@id\":\"https:\\\/\\\/creandolibros.es\\\/encuadernacion-y-acuarela-en-santander-2\\\/talleres-de-encuadernacion\\\/#breadcrumb\",\"itemListElement\":[{\"@type\":\"ListItem\",\"position\":1,\"name\":\"Portada\",\"item\":\"https:\\\/\\\/creandolibros.es\\\/encuadernacion-y-acuarela-en-santander-2\\\/\"},{\"@type\":\"ListItem\",\"position\":2,\"name\":\"Talleres de encuadernaci\u00f3n\"}]},{\"@type\":\"WebSite\",\"@id\":\"https:\\\/\\\/creandolibros.es\\\/encuadernacion-y-acuarela-en-santander-2\\\/#website\",\"url\":\"https:\\\/\\\/creandolibros.es\\\/encuadernacion-y-acuarela-en-santander-2\\\/\",\"name\":\"Creando libros\",\"description\":\"Escuela de encuadernaci\u00f3n artesanal y t\u00e9cnicas art\u00edsticas\",\"publisher\":{\"@id\":\"https:\\\/\\\/creandolibros.es\\\/encuadernacion-y-acuarela-en-santander-2\\\/#organization\"},\"potentialAction\":[{\"@type\":\"SearchAction\",\"target\":{\"@type\":\"EntryPoint\",\"urlTemplate\":\"https:\\\/\\\/creandolibros.es\\\/encuadernacion-y-acuarela-en-santander-2\\\/?s={search_term_string}\"},\"query-input\":{\"@type\":\"PropertyValueSpecification\",\"valueRequired\":true,\"valueName\":\"search_term_string\"}}],\"inLanguage\":\"es\"},{\"@type\":\"Organization\",\"@id\":\"https:\\\/\\\/creandolibros.es\\\/encuadernacion-y-acuarela-en-santander-2\\\/#organization\",\"name\":\"CreandoLibros\",\"url\":\"https:\\\/\\\/creandolibros.es\\\/encuadernacion-y-acuarela-en-santander-2\\\/\",\"logo\":{\"@type\":\"ImageObject\",\"inLanguage\":\"es\",\"@id\":\"https:\\\/\\\/creandolibros.es\\\/encuadernacion-y-acuarela-en-santander-2\\\/#\\\/schema\\\/logo\\\/image\\\/\",\"url\":\"https:\\\/\\\/creandolibros.es\\\/wp-content\\\/uploads\\\/LOGOTIPO-DEFINITVO-02.png\",\"contentUrl\":\"https:\\\/\\\/creandolibros.es\\\/wp-content\\\/uploads\\\/LOGOTIPO-DEFINITVO-02.png\",\"width\":2362,\"height\":886,\"caption\":\"CreandoLibros\"},\"image\":{\"@id\":\"https:\\\/\\\/creandolibros.es\\\/encuadernacion-y-acuarela-en-santander-2\\\/#\\\/schema\\\/logo\\\/image\\\/\"},\"sameAs\":[\"https:\\\/\\\/www.facebook.com\\\/creandolibrosarte\"]}]}<\/script>\n<!-- \/ Yoast SEO plugin. -->","yoast_head_json":{"title":"talleres de encuadernaci\u00f3n en Santander","description":"talleres de encuadernaci\u00f3n artesanal en Santander organizados por Creando Libros, e impartidos por Montserrat Mu\u00f1oz","robots":{"index":"index","follow":"follow","max-snippet":"max-snippet:-1","max-image-preview":"max-image-preview:large","max-video-preview":"max-video-preview:-1"},"canonical":"https:\/\/creandolibros.es\/encuadernacion-y-acuarela-en-santander-2\/talleres-de-encuadernacion\/","og_locale":"es_ES","og_type":"article","og_title":"talleres de encuadernaci\u00f3n en Santander","og_description":"talleres de encuadernaci\u00f3n artesanal en Santander organizados por Creando Libros, e impartidos por Montserrat Mu\u00f1oz","og_url":"https:\/\/creandolibros.es\/encuadernacion-y-acuarela-en-santander-2\/talleres-de-encuadernacion\/","og_site_name":"Creando libros","article_publisher":"https:\/\/www.facebook.com\/creandolibrosarte","article_modified_time":"2026-02-28T18:35:20+00:00","og_image":[{"width":1800,"height":1055,"url":"https:\/\/creandolibros.es\/wp-content\/uploads\/TALLERES-DE-ENCUADERNACION-EN-SANTANDER.jpg","type":"image\/jpeg"}],"twitter_card":"summary_large_image","schema":{"@context":"https:\/\/schema.org","@graph":[{"@type":"WebPage","@id":"https:\/\/creandolibros.es\/encuadernacion-y-acuarela-en-santander-2\/talleres-de-encuadernacion\/","url":"https:\/\/creandolibros.es\/encuadernacion-y-acuarela-en-santander-2\/talleres-de-encuadernacion\/","name":"talleres de encuadernaci\u00f3n en Santander","isPartOf":{"@id":"https:\/\/creandolibros.es\/encuadernacion-y-acuarela-en-santander-2\/#website"},"primaryImageOfPage":{"@id":"https:\/\/creandolibros.es\/encuadernacion-y-acuarela-en-santander-2\/talleres-de-encuadernacion\/#primaryimage"},"image":{"@id":"https:\/\/creandolibros.es\/encuadernacion-y-acuarela-en-santander-2\/talleres-de-encuadernacion\/#primaryimage"},"thumbnailUrl":"https:\/\/creandolibros.es\/wp-content\/uploads\/TALLERES-DE-ENCUADERNACION-EN-SANTANDER.jpg","datePublished":"2021-10-13T20:35:53+00:00","dateModified":"2026-02-28T18:35:20+00:00","description":"talleres de encuadernaci\u00f3n artesanal en Santander organizados por Creando Libros, e impartidos por Montserrat Mu\u00f1oz","breadcrumb":{"@id":"https:\/\/creandolibros.es\/encuadernacion-y-acuarela-en-santander-2\/talleres-de-encuadernacion\/#breadcrumb"},"inLanguage":"es","potentialAction":[{"@type":"ReadAction","target":["https:\/\/creandolibros.es\/encuadernacion-y-acuarela-en-santander-2\/talleres-de-encuadernacion\/"]}]},{"@type":"ImageObject","inLanguage":"es","@id":"https:\/\/creandolibros.es\/encuadernacion-y-acuarela-en-santander-2\/talleres-de-encuadernacion\/#primaryimage","url":"https:\/\/creandolibros.es\/wp-content\/uploads\/TALLERES-DE-ENCUADERNACION-EN-SANTANDER.jpg","contentUrl":"https:\/\/creandolibros.es\/wp-content\/uploads\/TALLERES-DE-ENCUADERNACION-EN-SANTANDER.jpg","width":1800,"height":1055,"caption":"Talleres de encuadernaci\u00f3n en Santander impartidos por Montserrat Mu\u00f1oz Mu\u00f1oz, en Creando Libros"},{"@type":"BreadcrumbList","@id":"https:\/\/creandolibros.es\/encuadernacion-y-acuarela-en-santander-2\/talleres-de-encuadernacion\/#breadcrumb","itemListElement":[{"@type":"ListItem","position":1,"name":"Portada","item":"https:\/\/creandolibros.es\/encuadernacion-y-acuarela-en-santander-2\/"},{"@type":"ListItem","position":2,"name":"Talleres de encuadernaci\u00f3n"}]},{"@type":"WebSite","@id":"https:\/\/creandolibros.es\/encuadernacion-y-acuarela-en-santander-2\/#website","url":"https:\/\/creandolibros.es\/encuadernacion-y-acuarela-en-santander-2\/","name":"Creando libros","description":"Escuela de encuadernaci\u00f3n artesanal y t\u00e9cnicas art\u00edsticas","publisher":{"@id":"https:\/\/creandolibros.es\/encuadernacion-y-acuarela-en-santander-2\/#organization"},"potentialAction":[{"@type":"SearchAction","target":{"@type":"EntryPoint","urlTemplate":"https:\/\/creandolibros.es\/encuadernacion-y-acuarela-en-santander-2\/?s={search_term_string}"},"query-input":{"@type":"PropertyValueSpecification","valueRequired":true,"valueName":"search_term_string"}}],"inLanguage":"es"},{"@type":"Organization","@id":"https:\/\/creandolibros.es\/encuadernacion-y-acuarela-en-santander-2\/#organization","name":"CreandoLibros","url":"https:\/\/creandolibros.es\/encuadernacion-y-acuarela-en-santander-2\/","logo":{"@type":"ImageObject","inLanguage":"es","@id":"https:\/\/creandolibros.es\/encuadernacion-y-acuarela-en-santander-2\/#\/schema\/logo\/image\/","url":"https:\/\/creandolibros.es\/wp-content\/uploads\/LOGOTIPO-DEFINITVO-02.png","contentUrl":"https:\/\/creandolibros.es\/wp-content\/uploads\/LOGOTIPO-DEFINITVO-02.png","width":2362,"height":886,"caption":"CreandoLibros"},"image":{"@id":"https:\/\/creandolibros.es\/encuadernacion-y-acuarela-en-santander-2\/#\/schema\/logo\/image\/"},"sameAs":["https:\/\/www.facebook.com\/creandolibrosarte"]}]}},"_links":{"self":[{"href":"https:\/\/creandolibros.es\/encuadernacion-y-acuarela-en-santander-2\/wp-json\/wp\/v2\/pages\/352","targetHints":{"allow":["GET"]}}],"collection":[{"href":"https:\/\/creandolibros.es\/encuadernacion-y-acuarela-en-santander-2\/wp-json\/wp\/v2\/pages"}],"about":[{"href":"https:\/\/creandolibros.es\/encuadernacion-y-acuarela-en-santander-2\/wp-json\/wp\/v2\/types\/page"}],"author":[{"embeddable":true,"href":"https:\/\/creandolibros.es\/encuadernacion-y-acuarela-en-santander-2\/wp-json\/wp\/v2\/users\/2"}],"replies":[{"embeddable":true,"href":"https:\/\/creandolibros.es\/encuadernacion-y-acuarela-en-santander-2\/wp-json\/wp\/v2\/comments?post=352"}],"version-history":[{"count":39,"href":"https:\/\/creandolibros.es\/encuadernacion-y-acuarela-en-santander-2\/wp-json\/wp\/v2\/pages\/352\/revisions"}],"predecessor-version":[{"id":1899,"href":"https:\/\/creandolibros.es\/encuadernacion-y-acuarela-en-santander-2\/wp-json\/wp\/v2\/pages\/352\/revisions\/1899"}],"wp:featuredmedia":[{"embeddable":true,"href":"https:\/\/creandolibros.es\/encuadernacion-y-acuarela-en-santander-2\/wp-json\/wp\/v2\/media\/770"}],"wp:attachment":[{"href":"https:\/\/creandolibros.es\/encuadernacion-y-acuarela-en-santander-2\/wp-json\/wp\/v2\/media?parent=352"}],"curies":[{"name":"wp","href":"https:\/\/api.w.org\/{rel}","templated":true}]}}