{"id":756,"date":"2022-04-02T22:29:51","date_gmt":"2022-04-02T22:29:51","guid":{"rendered":"https:\/\/creandolibros.es\/?page_id=756"},"modified":"2026-02-28T19:59:13","modified_gmt":"2026-02-28T19:59:13","slug":"clases-de-acuarela","status":"publish","type":"page","link":"https:\/\/creandolibros.es\/encuadernacion-y-acuarela-en-santander-2\/clases-de-acuarela\/","title":{"rendered":"Clases de acuarela"},"content":{"rendered":"\n<p>Clases de acuarela para adultos, en Santander. Pensadas en forma de curso anual en las que <strong>no son necesarios conocimientos previos<\/strong>. La materia se explica adaptada al ritmo y necesidades de cada alumna\/o. Comenzando por el conocimiento de los materiales, y empezando con los ejercicios m\u00e1s sencillos, se aprender\u00e1n todas las t\u00e9cnicas de acuarela. Buscaremos la esencia de esta t\u00e9cnica tan fascinante y vers\u00e1til, sin perder la frescura en su ejecuci\u00f3n. Progresar\u00e1s desde lo m\u00e1s sencillo a lo m\u00e1s complejo, practicando desde el primer d\u00eda.<br><br>Las clases de acuarela se imparten mensualmente de septiembre a julio en grupos reducidos, dentro de un <a href=\"https:\/\/creandolibros.es\/creando\/\" target=\"_blank\" rel=\"noreferrer noopener\">ambiente<\/a> divertido de trabajo. Con un m\u00e1ximo de cinco personas por clase, uno se puede apuntar en cualquier momento del a\u00f1o. <br><strong>El precio de las clases es de 55 \u20ac al mes, por una clase de hora y media a la semana. Con una matr\u00edcula anual de 50 \u20ac, a pagar el primer mes<\/strong>. El d\u00eda y la hora de la clase semanal se podr\u00e1 elegir entre las disponibles en nuestro horario. Si la persona deseara recibir dos clases por semana, puede hacerlo siempre que haya plazas disponibles. El precio de dos clases a la semana es de 110 \u20ac al mes.<br><br>En la web del profesor, <a href=\"https:\/\/www.tomashoya.es\/\" target=\"_blank\" rel=\"noreferrer noopener\">Tom\u00e1s Hoya Cicero<\/a>, encontrar\u00e1s una selecci\u00f3n de su trabajo.<\/p>\n\n\n\n<div class=\"wp-block-columns are-vertically-aligned-center is-layout-flex wp-container-core-columns-is-layout-9d6595d7 wp-block-columns-is-layout-flex\">\n<div class=\"wp-block-column is-vertically-aligned-center is-layout-flow wp-block-column-is-layout-flow\" style=\"flex-basis:100%\">\n<div class=\"wp-block-group is-vertical is-content-justification-center is-nowrap is-layout-flex wp-container-core-group-is-layout-bd425151 wp-block-group-is-layout-flex\">\n<div class=\"wp-block-columns is-layout-flex wp-container-core-columns-is-layout-9d6595d7 wp-block-columns-is-layout-flex\">\n<div class=\"wp-block-column is-layout-flow wp-block-column-is-layout-flow\" style=\"flex-basis:100%\">\n<div class=\"wp-block-group\"><div class=\"wp-block-group__inner-container is-layout-constrained wp-block-group-is-layout-constrained\">\n<p><strong>MA\u00d1ANAS:<\/strong><br>Lunes y mi\u00e9rcoles de 9:45 a 11:15 h<br>Lunes y mi\u00e9rcoles de 11:30 a 13:00 h<\/p>\n\n\n\n<p><strong>TARDES:<\/strong><br>Martes, mi\u00e9rcoles y viernes de 17:15 a 18:45 h<br>Lunes y mi\u00e9rcoles de 19:00 a 20:30 h<br><\/p>\n\n\n\n<p><strong>TARIFA MENSUAL<\/strong><br><strong>55 \u20ac\/mes<\/strong>, por una clase de hora y media a la semana<br><strong>110 \u20ac\/mes<\/strong>, por dos clases de hora y media a la semana<\/p>\n\n\n\n<p><strong>Matr\u00edcula anual 50 \u20ac<\/strong><\/p>\n\n\n<div class=\"wp-block-image\">\n<figure class=\"aligncenter size-full\"><img loading=\"lazy\" decoding=\"async\" width=\"601\" height=\"850\" src=\"https:\/\/creandolibros.es\/wp-content\/uploads\/CLASES-DE-ACUARELA-2025-2026-850p.jpg\" alt=\"clases de acuarela en santander, impartido por Tom\u00e1s Hoya Cicero en Creando Libros\" class=\"wp-image-1832\" srcset=\"https:\/\/creandolibros.es\/wp-content\/uploads\/CLASES-DE-ACUARELA-2025-2026-850p.jpg 601w, https:\/\/creandolibros.es\/wp-content\/uploads\/CLASES-DE-ACUARELA-2025-2026-850p-212x300.jpg 212w\" sizes=\"auto, (max-width: 601px) 100vw, 601px\" \/><\/figure>\n<\/div><\/div><\/div>\n<\/div>\n<\/div>\n<\/div>\n<\/div>\n<\/div>\n","protected":false},"excerpt":{"rendered":"<p>Clases de acuarela para adultos, en Santander. Pensadas en forma de curso anual en las que no son necesarios conocimientos previos. La materia se explica adaptada al ritmo y necesidades de cada alumna\/o. Comenzando por el conocimiento de los materiales, y empezando con los ejercicios m\u00e1s sencillos, se aprender\u00e1n todas las t\u00e9cnicas de acuarela. Buscaremos [&hellip;]<\/p>\n","protected":false},"author":2,"featured_media":767,"parent":0,"menu_order":0,"comment_status":"closed","ping_status":"closed","template":"","meta":{"footnotes":""},"class_list":["post-756","page","type-page","status-publish","has-post-thumbnail","hentry","has-thumbnail"],"yoast_head":"<!-- This site is optimized with the Yoast SEO plugin v27.4 - https:\/\/yoast.com\/product\/yoast-seo-wordpress\/ -->\n<title>clases de acuarela<\/title>\n<meta name=\"description\" content=\"clases de acuarela en Santander impartidas por Tom\u00e1s Hoya Cicero en Creando Libros, escuela de encuadernaci\u00f3n y t\u00e9cnicas art\u00edsticas.\" \/>\n<meta name=\"robots\" content=\"index, follow, max-snippet:-1, max-image-preview:large, max-video-preview:-1\" \/>\n<link rel=\"canonical\" href=\"https:\/\/creandolibros.es\/encuadernacion-y-acuarela-en-santander-2\/clases-de-acuarela\/\" \/>\n<meta property=\"og:locale\" content=\"es_ES\" \/>\n<meta property=\"og:type\" content=\"article\" \/>\n<meta property=\"og:title\" content=\"clases de acuarela\" \/>\n<meta property=\"og:description\" content=\"clases de acuarela en Santander impartidas por Tom\u00e1s Hoya Cicero en Creando Libros, escuela de encuadernaci\u00f3n y t\u00e9cnicas art\u00edsticas.\" \/>\n<meta property=\"og:url\" content=\"https:\/\/creandolibros.es\/encuadernacion-y-acuarela-en-santander-2\/clases-de-acuarela\/\" \/>\n<meta property=\"og:site_name\" content=\"Creando libros\" \/>\n<meta property=\"article:publisher\" content=\"https:\/\/www.facebook.com\/creandolibrosarte\" \/>\n<meta property=\"article:modified_time\" content=\"2026-02-28T19:59:13+00:00\" \/>\n<meta property=\"og:image\" content=\"https:\/\/creandolibros.es\/wp-content\/uploads\/CLASES-DE-ACUARELA-EN-SANTANDER.jpg\" \/>\n\t<meta property=\"og:image:width\" content=\"2000\" \/>\n\t<meta property=\"og:image:height\" content=\"286\" \/>\n\t<meta property=\"og:image:type\" content=\"image\/jpeg\" \/>\n<meta name=\"twitter:card\" content=\"summary_large_image\" \/>\n<script type=\"application\/ld+json\" class=\"yoast-schema-graph\">{\"@context\":\"https:\\\/\\\/schema.org\",\"@graph\":[{\"@type\":\"WebPage\",\"@id\":\"https:\\\/\\\/creandolibros.es\\\/encuadernacion-y-acuarela-en-santander-2\\\/clases-de-acuarela\\\/\",\"url\":\"https:\\\/\\\/creandolibros.es\\\/encuadernacion-y-acuarela-en-santander-2\\\/clases-de-acuarela\\\/\",\"name\":\"clases de acuarela\",\"isPartOf\":{\"@id\":\"https:\\\/\\\/creandolibros.es\\\/encuadernacion-y-acuarela-en-santander-2\\\/#website\"},\"primaryImageOfPage\":{\"@id\":\"https:\\\/\\\/creandolibros.es\\\/encuadernacion-y-acuarela-en-santander-2\\\/clases-de-acuarela\\\/#primaryimage\"},\"image\":{\"@id\":\"https:\\\/\\\/creandolibros.es\\\/encuadernacion-y-acuarela-en-santander-2\\\/clases-de-acuarela\\\/#primaryimage\"},\"thumbnailUrl\":\"https:\\\/\\\/creandolibros.es\\\/wp-content\\\/uploads\\\/CLASES-DE-ACUARELA-EN-SANTANDER.jpg\",\"datePublished\":\"2022-04-02T22:29:51+00:00\",\"dateModified\":\"2026-02-28T19:59:13+00:00\",\"description\":\"clases de acuarela en Santander impartidas por Tom\u00e1s Hoya Cicero en Creando Libros, escuela de encuadernaci\u00f3n y t\u00e9cnicas art\u00edsticas.\",\"breadcrumb\":{\"@id\":\"https:\\\/\\\/creandolibros.es\\\/encuadernacion-y-acuarela-en-santander-2\\\/clases-de-acuarela\\\/#breadcrumb\"},\"inLanguage\":\"es\",\"potentialAction\":[{\"@type\":\"ReadAction\",\"target\":[\"https:\\\/\\\/creandolibros.es\\\/encuadernacion-y-acuarela-en-santander-2\\\/clases-de-acuarela\\\/\"]}]},{\"@type\":\"ImageObject\",\"inLanguage\":\"es\",\"@id\":\"https:\\\/\\\/creandolibros.es\\\/encuadernacion-y-acuarela-en-santander-2\\\/clases-de-acuarela\\\/#primaryimage\",\"url\":\"https:\\\/\\\/creandolibros.es\\\/wp-content\\\/uploads\\\/CLASES-DE-ACUARELA-EN-SANTANDER.jpg\",\"contentUrl\":\"https:\\\/\\\/creandolibros.es\\\/wp-content\\\/uploads\\\/CLASES-DE-ACUARELA-EN-SANTANDER.jpg\",\"width\":2000,\"height\":286,\"caption\":\"CLASES DE ACUARELA EN SANTANDER IMPARTIDAS POR TOM\u00c1S HOYA CICERO EN CREANDO LIBROS\"},{\"@type\":\"BreadcrumbList\",\"@id\":\"https:\\\/\\\/creandolibros.es\\\/encuadernacion-y-acuarela-en-santander-2\\\/clases-de-acuarela\\\/#breadcrumb\",\"itemListElement\":[{\"@type\":\"ListItem\",\"position\":1,\"name\":\"Portada\",\"item\":\"https:\\\/\\\/creandolibros.es\\\/encuadernacion-y-acuarela-en-santander-2\\\/\"},{\"@type\":\"ListItem\",\"position\":2,\"name\":\"Clases de acuarela\"}]},{\"@type\":\"WebSite\",\"@id\":\"https:\\\/\\\/creandolibros.es\\\/encuadernacion-y-acuarela-en-santander-2\\\/#website\",\"url\":\"https:\\\/\\\/creandolibros.es\\\/encuadernacion-y-acuarela-en-santander-2\\\/\",\"name\":\"Creando libros\",\"description\":\"Escuela de encuadernaci\u00f3n artesanal y t\u00e9cnicas art\u00edsticas\",\"publisher\":{\"@id\":\"https:\\\/\\\/creandolibros.es\\\/encuadernacion-y-acuarela-en-santander-2\\\/#organization\"},\"potentialAction\":[{\"@type\":\"SearchAction\",\"target\":{\"@type\":\"EntryPoint\",\"urlTemplate\":\"https:\\\/\\\/creandolibros.es\\\/encuadernacion-y-acuarela-en-santander-2\\\/?s={search_term_string}\"},\"query-input\":{\"@type\":\"PropertyValueSpecification\",\"valueRequired\":true,\"valueName\":\"search_term_string\"}}],\"inLanguage\":\"es\"},{\"@type\":\"Organization\",\"@id\":\"https:\\\/\\\/creandolibros.es\\\/encuadernacion-y-acuarela-en-santander-2\\\/#organization\",\"name\":\"CreandoLibros\",\"url\":\"https:\\\/\\\/creandolibros.es\\\/encuadernacion-y-acuarela-en-santander-2\\\/\",\"logo\":{\"@type\":\"ImageObject\",\"inLanguage\":\"es\",\"@id\":\"https:\\\/\\\/creandolibros.es\\\/encuadernacion-y-acuarela-en-santander-2\\\/#\\\/schema\\\/logo\\\/image\\\/\",\"url\":\"https:\\\/\\\/creandolibros.es\\\/wp-content\\\/uploads\\\/LOGOTIPO-DEFINITVO-02.png\",\"contentUrl\":\"https:\\\/\\\/creandolibros.es\\\/wp-content\\\/uploads\\\/LOGOTIPO-DEFINITVO-02.png\",\"width\":2362,\"height\":886,\"caption\":\"CreandoLibros\"},\"image\":{\"@id\":\"https:\\\/\\\/creandolibros.es\\\/encuadernacion-y-acuarela-en-santander-2\\\/#\\\/schema\\\/logo\\\/image\\\/\"},\"sameAs\":[\"https:\\\/\\\/www.facebook.com\\\/creandolibrosarte\"]}]}<\/script>\n<!-- \/ Yoast SEO plugin. -->","yoast_head_json":{"title":"clases de acuarela","description":"clases de acuarela en Santander impartidas por Tom\u00e1s Hoya Cicero en Creando Libros, escuela de encuadernaci\u00f3n y t\u00e9cnicas art\u00edsticas.","robots":{"index":"index","follow":"follow","max-snippet":"max-snippet:-1","max-image-preview":"max-image-preview:large","max-video-preview":"max-video-preview:-1"},"canonical":"https:\/\/creandolibros.es\/encuadernacion-y-acuarela-en-santander-2\/clases-de-acuarela\/","og_locale":"es_ES","og_type":"article","og_title":"clases de acuarela","og_description":"clases de acuarela en Santander impartidas por Tom\u00e1s Hoya Cicero en Creando Libros, escuela de encuadernaci\u00f3n y t\u00e9cnicas art\u00edsticas.","og_url":"https:\/\/creandolibros.es\/encuadernacion-y-acuarela-en-santander-2\/clases-de-acuarela\/","og_site_name":"Creando libros","article_publisher":"https:\/\/www.facebook.com\/creandolibrosarte","article_modified_time":"2026-02-28T19:59:13+00:00","og_image":[{"width":2000,"height":286,"url":"https:\/\/creandolibros.es\/wp-content\/uploads\/CLASES-DE-ACUARELA-EN-SANTANDER.jpg","type":"image\/jpeg"}],"twitter_card":"summary_large_image","schema":{"@context":"https:\/\/schema.org","@graph":[{"@type":"WebPage","@id":"https:\/\/creandolibros.es\/encuadernacion-y-acuarela-en-santander-2\/clases-de-acuarela\/","url":"https:\/\/creandolibros.es\/encuadernacion-y-acuarela-en-santander-2\/clases-de-acuarela\/","name":"clases de acuarela","isPartOf":{"@id":"https:\/\/creandolibros.es\/encuadernacion-y-acuarela-en-santander-2\/#website"},"primaryImageOfPage":{"@id":"https:\/\/creandolibros.es\/encuadernacion-y-acuarela-en-santander-2\/clases-de-acuarela\/#primaryimage"},"image":{"@id":"https:\/\/creandolibros.es\/encuadernacion-y-acuarela-en-santander-2\/clases-de-acuarela\/#primaryimage"},"thumbnailUrl":"https:\/\/creandolibros.es\/wp-content\/uploads\/CLASES-DE-ACUARELA-EN-SANTANDER.jpg","datePublished":"2022-04-02T22:29:51+00:00","dateModified":"2026-02-28T19:59:13+00:00","description":"clases de acuarela en Santander impartidas por Tom\u00e1s Hoya Cicero en Creando Libros, escuela de encuadernaci\u00f3n y t\u00e9cnicas art\u00edsticas.","breadcrumb":{"@id":"https:\/\/creandolibros.es\/encuadernacion-y-acuarela-en-santander-2\/clases-de-acuarela\/#breadcrumb"},"inLanguage":"es","potentialAction":[{"@type":"ReadAction","target":["https:\/\/creandolibros.es\/encuadernacion-y-acuarela-en-santander-2\/clases-de-acuarela\/"]}]},{"@type":"ImageObject","inLanguage":"es","@id":"https:\/\/creandolibros.es\/encuadernacion-y-acuarela-en-santander-2\/clases-de-acuarela\/#primaryimage","url":"https:\/\/creandolibros.es\/wp-content\/uploads\/CLASES-DE-ACUARELA-EN-SANTANDER.jpg","contentUrl":"https:\/\/creandolibros.es\/wp-content\/uploads\/CLASES-DE-ACUARELA-EN-SANTANDER.jpg","width":2000,"height":286,"caption":"CLASES DE ACUARELA EN SANTANDER IMPARTIDAS POR TOM\u00c1S HOYA CICERO EN CREANDO LIBROS"},{"@type":"BreadcrumbList","@id":"https:\/\/creandolibros.es\/encuadernacion-y-acuarela-en-santander-2\/clases-de-acuarela\/#breadcrumb","itemListElement":[{"@type":"ListItem","position":1,"name":"Portada","item":"https:\/\/creandolibros.es\/encuadernacion-y-acuarela-en-santander-2\/"},{"@type":"ListItem","position":2,"name":"Clases de acuarela"}]},{"@type":"WebSite","@id":"https:\/\/creandolibros.es\/encuadernacion-y-acuarela-en-santander-2\/#website","url":"https:\/\/creandolibros.es\/encuadernacion-y-acuarela-en-santander-2\/","name":"Creando libros","description":"Escuela de encuadernaci\u00f3n artesanal y t\u00e9cnicas art\u00edsticas","publisher":{"@id":"https:\/\/creandolibros.es\/encuadernacion-y-acuarela-en-santander-2\/#organization"},"potentialAction":[{"@type":"SearchAction","target":{"@type":"EntryPoint","urlTemplate":"https:\/\/creandolibros.es\/encuadernacion-y-acuarela-en-santander-2\/?s={search_term_string}"},"query-input":{"@type":"PropertyValueSpecification","valueRequired":true,"valueName":"search_term_string"}}],"inLanguage":"es"},{"@type":"Organization","@id":"https:\/\/creandolibros.es\/encuadernacion-y-acuarela-en-santander-2\/#organization","name":"CreandoLibros","url":"https:\/\/creandolibros.es\/encuadernacion-y-acuarela-en-santander-2\/","logo":{"@type":"ImageObject","inLanguage":"es","@id":"https:\/\/creandolibros.es\/encuadernacion-y-acuarela-en-santander-2\/#\/schema\/logo\/image\/","url":"https:\/\/creandolibros.es\/wp-content\/uploads\/LOGOTIPO-DEFINITVO-02.png","contentUrl":"https:\/\/creandolibros.es\/wp-content\/uploads\/LOGOTIPO-DEFINITVO-02.png","width":2362,"height":886,"caption":"CreandoLibros"},"image":{"@id":"https:\/\/creandolibros.es\/encuadernacion-y-acuarela-en-santander-2\/#\/schema\/logo\/image\/"},"sameAs":["https:\/\/www.facebook.com\/creandolibrosarte"]}]}},"_links":{"self":[{"href":"https:\/\/creandolibros.es\/encuadernacion-y-acuarela-en-santander-2\/wp-json\/wp\/v2\/pages\/756","targetHints":{"allow":["GET"]}}],"collection":[{"href":"https:\/\/creandolibros.es\/encuadernacion-y-acuarela-en-santander-2\/wp-json\/wp\/v2\/pages"}],"about":[{"href":"https:\/\/creandolibros.es\/encuadernacion-y-acuarela-en-santander-2\/wp-json\/wp\/v2\/types\/page"}],"author":[{"embeddable":true,"href":"https:\/\/creandolibros.es\/encuadernacion-y-acuarela-en-santander-2\/wp-json\/wp\/v2\/users\/2"}],"replies":[{"embeddable":true,"href":"https:\/\/creandolibros.es\/encuadernacion-y-acuarela-en-santander-2\/wp-json\/wp\/v2\/comments?post=756"}],"version-history":[{"count":32,"href":"https:\/\/creandolibros.es\/encuadernacion-y-acuarela-en-santander-2\/wp-json\/wp\/v2\/pages\/756\/revisions"}],"predecessor-version":[{"id":1902,"href":"https:\/\/creandolibros.es\/encuadernacion-y-acuarela-en-santander-2\/wp-json\/wp\/v2\/pages\/756\/revisions\/1902"}],"wp:featuredmedia":[{"embeddable":true,"href":"https:\/\/creandolibros.es\/encuadernacion-y-acuarela-en-santander-2\/wp-json\/wp\/v2\/media\/767"}],"wp:attachment":[{"href":"https:\/\/creandolibros.es\/encuadernacion-y-acuarela-en-santander-2\/wp-json\/wp\/v2\/media?parent=756"}],"curies":[{"name":"wp","href":"https:\/\/api.w.org\/{rel}","templated":true}]}}