{"id":764,"date":"2022-04-02T22:51:54","date_gmt":"2022-04-02T22:51:54","guid":{"rendered":"https:\/\/creandolibros.es\/?page_id=764"},"modified":"2025-08-25T17:40:58","modified_gmt":"2025-08-25T17:40:58","slug":"clases-de-encuadernacion-2","status":"publish","type":"page","link":"https:\/\/creandolibros.es\/encuadernacion-y-acuarela-en-santander-2\/clases-de-encuadernacion-2\/","title":{"rendered":"Clases de encuadernaci\u00f3n"},"content":{"rendered":"\n<p>    Clases de encuadernaci\u00f3n <a href=\"https:\/\/creandolibros.es\/trabajos-de-encuadernacion\/\" target=\"_blank\" rel=\"noreferrer noopener\">artesanal<\/a>, en Santander. Pensadas en forma de curso anual, donde <strong>no son necesarios conocimientos previos<\/strong>. La materia se imparte adaptada al ritmo y necesidades de la alumna\/o, comenzando por el contacto con los materiales y herramientas propias de este arte. Y trabajando desde la primera clase. <br>    Se aprender\u00e1n todas las t\u00e9cnicas que permitan abordar proyectos de cartonaje, como carpetas, cajas o estuches. T\u00e9cnicas de encuadernaci\u00f3n, en las m\u00faltiples variedades de costura vista y tradicional. Proyectos que combinen los dos anteriores. Y finalmente, trabajos de encuadernaci\u00f3n art\u00edsticos.<\/p>\n\n\n\n<p>Las clases de <a href=\"https:\/\/es.wikipedia.org\/wiki\/Encuadernaci%C3%B3n\" target=\"_blank\" rel=\"noreferrer noopener\">encuadernaci\u00f3n artesanal<\/a> se imparten mensualmente de septiembre a julio en grupos reducidos, con un m\u00e1ximo de seis personas por clase, dentro de un ambiente agradable de trabajo donde lo importante es pasarlo bien aprendiendo. <strong>Con los materiales b\u00e1sicos incluidos, el precio de las clases es de 75 \u20ac\/ al mes, por una clase de dos horas a la semana<\/strong>.<strong> Con una matr\u00edcula inicial de 50 \u20ac a pagar el primer mes<\/strong>.<br> Si deseas recibir m\u00e1s de una clase por semana, puede hacerlo hasta un m\u00e1ximo de tres a la semana, siempre que haya plazas disponibles. El precio de dos clases por semana es de 150 \u20ac al mes. Y las tres clases por semana cuestan 225 \u20ac al mes.<\/p>\n\n\n\n<div class=\"wp-block-group is-content-justification-center is-nowrap is-layout-flex wp-container-core-group-is-layout-079bfc22 wp-block-group-is-layout-flex\">\n<div class=\"wp-block-group\"><div class=\"wp-block-group__inner-container is-layout-constrained wp-block-group-is-layout-constrained\">\n<p class=\"has-text-align-center\"><strong>MARTES \/ JUEVES \/ VIERNES<\/strong><br>Ma\u00f1anas de martes y jueves: <br>de 10:00 a 12:00 h<br>Tardes de martes, jueves y viernes:<br>de 19:00 a 21:00 h<\/p>\n\n\n\n<p class=\"has-text-align-center\"><strong>TARIFA MENSUAL<\/strong><br>1 clase semanal: 75 \u20ac<br>2 clases semanales: 150 \u20ac<br>3 clases semanales: 225 \u20ac<\/p>\n\n\n\n<p class=\"has-text-align-center\"><strong>Matr\u00edcula anual 50 \u20ac<\/strong><\/p>\n\n\n<div class=\"wp-block-image\">\n<figure class=\"aligncenter size-full\"><img loading=\"lazy\" decoding=\"async\" width=\"601\" height=\"850\" src=\"https:\/\/creandolibros.es\/wp-content\/uploads\/1-CARTEL-GENERAL-ENCUADERNACION-2024-850P.jpg\" alt=\"Clases de encuadernacion en Santander\" class=\"wp-image-1833\" srcset=\"https:\/\/creandolibros.es\/wp-content\/uploads\/1-CARTEL-GENERAL-ENCUADERNACION-2024-850P.jpg 601w, https:\/\/creandolibros.es\/wp-content\/uploads\/1-CARTEL-GENERAL-ENCUADERNACION-2024-850P-212x300.jpg 212w\" sizes=\"auto, (max-width: 601px) 100vw, 601px\" \/><\/figure>\n<\/div><\/div><\/div>\n<\/div>\n","protected":false},"excerpt":{"rendered":"<p>Clases de encuadernaci\u00f3n artesanal, en Santander. Pensadas en forma de curso anual, donde no son necesarios conocimientos previos. La materia se imparte adaptada al ritmo y necesidades de la alumna\/o, comenzando por el contacto con los materiales y herramientas propias de este arte. Y trabajando desde la primera clase. Se aprender\u00e1n todas las t\u00e9cnicas que [&hellip;]<\/p>\n","protected":false},"author":2,"featured_media":775,"parent":0,"menu_order":0,"comment_status":"closed","ping_status":"closed","template":"","meta":{"footnotes":""},"class_list":["post-764","page","type-page","status-publish","has-post-thumbnail","hentry","has-thumbnail"],"yoast_head":"<!-- This site is optimized with the Yoast SEO plugin v27.4 - https:\/\/yoast.com\/product\/yoast-seo-wordpress\/ -->\n<title>Clases de encuadernaci\u00f3n artesanal<\/title>\n<meta name=\"description\" content=\"clases de encuadernaci\u00f3n en santander impartidas por Montserrat Mu\u00f1oz Mu\u00f1oz en Creando Libros, escuela de encuadernaci\u00f3n y t\u00e9cnicas art\u00edsticas\" \/>\n<meta name=\"robots\" content=\"index, follow, max-snippet:-1, max-image-preview:large, max-video-preview:-1\" \/>\n<link rel=\"canonical\" href=\"https:\/\/creandolibros.es\/encuadernacion-y-acuarela-en-santander-2\/clases-de-encuadernacion-2\/\" \/>\n<meta property=\"og:locale\" content=\"es_ES\" \/>\n<meta property=\"og:type\" content=\"article\" \/>\n<meta property=\"og:title\" content=\"Clases de encuadernaci\u00f3n artesanal\" \/>\n<meta property=\"og:description\" content=\"clases de encuadernaci\u00f3n en santander impartidas por Montserrat Mu\u00f1oz Mu\u00f1oz en Creando Libros, escuela de encuadernaci\u00f3n y t\u00e9cnicas art\u00edsticas\" \/>\n<meta property=\"og:url\" content=\"https:\/\/creandolibros.es\/encuadernacion-y-acuarela-en-santander-2\/clases-de-encuadernacion-2\/\" \/>\n<meta property=\"og:site_name\" content=\"Creando libros\" \/>\n<meta property=\"article:publisher\" content=\"https:\/\/www.facebook.com\/creandolibrosarte\" \/>\n<meta property=\"article:modified_time\" content=\"2025-08-25T17:40:58+00:00\" \/>\n<meta property=\"og:image\" content=\"https:\/\/creandolibros.es\/wp-content\/uploads\/CREANDO-LIBROS-FONDO-WEB-2-1.jpg\" \/>\n\t<meta property=\"og:image:width\" content=\"1800\" \/>\n\t<meta property=\"og:image:height\" content=\"805\" \/>\n\t<meta property=\"og:image:type\" content=\"image\/jpeg\" \/>\n<meta name=\"twitter:card\" content=\"summary_large_image\" \/>\n<script type=\"application\/ld+json\" class=\"yoast-schema-graph\">{\"@context\":\"https:\\\/\\\/schema.org\",\"@graph\":[{\"@type\":\"WebPage\",\"@id\":\"https:\\\/\\\/creandolibros.es\\\/encuadernacion-y-acuarela-en-santander-2\\\/clases-de-encuadernacion-2\\\/\",\"url\":\"https:\\\/\\\/creandolibros.es\\\/encuadernacion-y-acuarela-en-santander-2\\\/clases-de-encuadernacion-2\\\/\",\"name\":\"Clases de encuadernaci\u00f3n artesanal\",\"isPartOf\":{\"@id\":\"https:\\\/\\\/creandolibros.es\\\/encuadernacion-y-acuarela-en-santander-2\\\/#website\"},\"primaryImageOfPage\":{\"@id\":\"https:\\\/\\\/creandolibros.es\\\/encuadernacion-y-acuarela-en-santander-2\\\/clases-de-encuadernacion-2\\\/#primaryimage\"},\"image\":{\"@id\":\"https:\\\/\\\/creandolibros.es\\\/encuadernacion-y-acuarela-en-santander-2\\\/clases-de-encuadernacion-2\\\/#primaryimage\"},\"thumbnailUrl\":\"https:\\\/\\\/creandolibros.es\\\/wp-content\\\/uploads\\\/CREANDO-LIBROS-FONDO-WEB-2-1.jpg\",\"datePublished\":\"2022-04-02T22:51:54+00:00\",\"dateModified\":\"2025-08-25T17:40:58+00:00\",\"description\":\"clases de encuadernaci\u00f3n en santander impartidas por Montserrat Mu\u00f1oz Mu\u00f1oz en Creando Libros, escuela de encuadernaci\u00f3n y t\u00e9cnicas art\u00edsticas\",\"breadcrumb\":{\"@id\":\"https:\\\/\\\/creandolibros.es\\\/encuadernacion-y-acuarela-en-santander-2\\\/clases-de-encuadernacion-2\\\/#breadcrumb\"},\"inLanguage\":\"es\",\"potentialAction\":[{\"@type\":\"ReadAction\",\"target\":[\"https:\\\/\\\/creandolibros.es\\\/encuadernacion-y-acuarela-en-santander-2\\\/clases-de-encuadernacion-2\\\/\"]}]},{\"@type\":\"ImageObject\",\"inLanguage\":\"es\",\"@id\":\"https:\\\/\\\/creandolibros.es\\\/encuadernacion-y-acuarela-en-santander-2\\\/clases-de-encuadernacion-2\\\/#primaryimage\",\"url\":\"https:\\\/\\\/creandolibros.es\\\/wp-content\\\/uploads\\\/CREANDO-LIBROS-FONDO-WEB-2-1.jpg\",\"contentUrl\":\"https:\\\/\\\/creandolibros.es\\\/wp-content\\\/uploads\\\/CREANDO-LIBROS-FONDO-WEB-2-1.jpg\",\"width\":1800,\"height\":805,\"caption\":\"CLASES DE ENCUADERNACI\u00d3N EN SANTANDER EN CREANDO LIBROS. Escuela de encuadernaci\u00f3n artesanal, cartonaje y t\u00e9cnicas artisticas de Santander.\"},{\"@type\":\"BreadcrumbList\",\"@id\":\"https:\\\/\\\/creandolibros.es\\\/encuadernacion-y-acuarela-en-santander-2\\\/clases-de-encuadernacion-2\\\/#breadcrumb\",\"itemListElement\":[{\"@type\":\"ListItem\",\"position\":1,\"name\":\"Portada\",\"item\":\"https:\\\/\\\/creandolibros.es\\\/encuadernacion-y-acuarela-en-santander-2\\\/\"},{\"@type\":\"ListItem\",\"position\":2,\"name\":\"Clases de encuadernaci\u00f3n\"}]},{\"@type\":\"WebSite\",\"@id\":\"https:\\\/\\\/creandolibros.es\\\/encuadernacion-y-acuarela-en-santander-2\\\/#website\",\"url\":\"https:\\\/\\\/creandolibros.es\\\/encuadernacion-y-acuarela-en-santander-2\\\/\",\"name\":\"Creando libros\",\"description\":\"Escuela de encuadernaci\u00f3n artesanal y t\u00e9cnicas art\u00edsticas\",\"publisher\":{\"@id\":\"https:\\\/\\\/creandolibros.es\\\/encuadernacion-y-acuarela-en-santander-2\\\/#organization\"},\"potentialAction\":[{\"@type\":\"SearchAction\",\"target\":{\"@type\":\"EntryPoint\",\"urlTemplate\":\"https:\\\/\\\/creandolibros.es\\\/encuadernacion-y-acuarela-en-santander-2\\\/?s={search_term_string}\"},\"query-input\":{\"@type\":\"PropertyValueSpecification\",\"valueRequired\":true,\"valueName\":\"search_term_string\"}}],\"inLanguage\":\"es\"},{\"@type\":\"Organization\",\"@id\":\"https:\\\/\\\/creandolibros.es\\\/encuadernacion-y-acuarela-en-santander-2\\\/#organization\",\"name\":\"CreandoLibros\",\"url\":\"https:\\\/\\\/creandolibros.es\\\/encuadernacion-y-acuarela-en-santander-2\\\/\",\"logo\":{\"@type\":\"ImageObject\",\"inLanguage\":\"es\",\"@id\":\"https:\\\/\\\/creandolibros.es\\\/encuadernacion-y-acuarela-en-santander-2\\\/#\\\/schema\\\/logo\\\/image\\\/\",\"url\":\"https:\\\/\\\/creandolibros.es\\\/wp-content\\\/uploads\\\/LOGOTIPO-DEFINITVO-02.png\",\"contentUrl\":\"https:\\\/\\\/creandolibros.es\\\/wp-content\\\/uploads\\\/LOGOTIPO-DEFINITVO-02.png\",\"width\":2362,\"height\":886,\"caption\":\"CreandoLibros\"},\"image\":{\"@id\":\"https:\\\/\\\/creandolibros.es\\\/encuadernacion-y-acuarela-en-santander-2\\\/#\\\/schema\\\/logo\\\/image\\\/\"},\"sameAs\":[\"https:\\\/\\\/www.facebook.com\\\/creandolibrosarte\"]}]}<\/script>\n<!-- \/ Yoast SEO plugin. -->","yoast_head_json":{"title":"Clases de encuadernaci\u00f3n artesanal","description":"clases de encuadernaci\u00f3n en santander impartidas por Montserrat Mu\u00f1oz Mu\u00f1oz en Creando Libros, escuela de encuadernaci\u00f3n y t\u00e9cnicas art\u00edsticas","robots":{"index":"index","follow":"follow","max-snippet":"max-snippet:-1","max-image-preview":"max-image-preview:large","max-video-preview":"max-video-preview:-1"},"canonical":"https:\/\/creandolibros.es\/encuadernacion-y-acuarela-en-santander-2\/clases-de-encuadernacion-2\/","og_locale":"es_ES","og_type":"article","og_title":"Clases de encuadernaci\u00f3n artesanal","og_description":"clases de encuadernaci\u00f3n en santander impartidas por Montserrat Mu\u00f1oz Mu\u00f1oz en Creando Libros, escuela de encuadernaci\u00f3n y t\u00e9cnicas art\u00edsticas","og_url":"https:\/\/creandolibros.es\/encuadernacion-y-acuarela-en-santander-2\/clases-de-encuadernacion-2\/","og_site_name":"Creando libros","article_publisher":"https:\/\/www.facebook.com\/creandolibrosarte","article_modified_time":"2025-08-25T17:40:58+00:00","og_image":[{"width":1800,"height":805,"url":"https:\/\/creandolibros.es\/wp-content\/uploads\/CREANDO-LIBROS-FONDO-WEB-2-1.jpg","type":"image\/jpeg"}],"twitter_card":"summary_large_image","schema":{"@context":"https:\/\/schema.org","@graph":[{"@type":"WebPage","@id":"https:\/\/creandolibros.es\/encuadernacion-y-acuarela-en-santander-2\/clases-de-encuadernacion-2\/","url":"https:\/\/creandolibros.es\/encuadernacion-y-acuarela-en-santander-2\/clases-de-encuadernacion-2\/","name":"Clases de encuadernaci\u00f3n artesanal","isPartOf":{"@id":"https:\/\/creandolibros.es\/encuadernacion-y-acuarela-en-santander-2\/#website"},"primaryImageOfPage":{"@id":"https:\/\/creandolibros.es\/encuadernacion-y-acuarela-en-santander-2\/clases-de-encuadernacion-2\/#primaryimage"},"image":{"@id":"https:\/\/creandolibros.es\/encuadernacion-y-acuarela-en-santander-2\/clases-de-encuadernacion-2\/#primaryimage"},"thumbnailUrl":"https:\/\/creandolibros.es\/wp-content\/uploads\/CREANDO-LIBROS-FONDO-WEB-2-1.jpg","datePublished":"2022-04-02T22:51:54+00:00","dateModified":"2025-08-25T17:40:58+00:00","description":"clases de encuadernaci\u00f3n en santander impartidas por Montserrat Mu\u00f1oz Mu\u00f1oz en Creando Libros, escuela de encuadernaci\u00f3n y t\u00e9cnicas art\u00edsticas","breadcrumb":{"@id":"https:\/\/creandolibros.es\/encuadernacion-y-acuarela-en-santander-2\/clases-de-encuadernacion-2\/#breadcrumb"},"inLanguage":"es","potentialAction":[{"@type":"ReadAction","target":["https:\/\/creandolibros.es\/encuadernacion-y-acuarela-en-santander-2\/clases-de-encuadernacion-2\/"]}]},{"@type":"ImageObject","inLanguage":"es","@id":"https:\/\/creandolibros.es\/encuadernacion-y-acuarela-en-santander-2\/clases-de-encuadernacion-2\/#primaryimage","url":"https:\/\/creandolibros.es\/wp-content\/uploads\/CREANDO-LIBROS-FONDO-WEB-2-1.jpg","contentUrl":"https:\/\/creandolibros.es\/wp-content\/uploads\/CREANDO-LIBROS-FONDO-WEB-2-1.jpg","width":1800,"height":805,"caption":"CLASES DE ENCUADERNACI\u00d3N EN SANTANDER EN CREANDO LIBROS. Escuela de encuadernaci\u00f3n artesanal, cartonaje y t\u00e9cnicas artisticas de Santander."},{"@type":"BreadcrumbList","@id":"https:\/\/creandolibros.es\/encuadernacion-y-acuarela-en-santander-2\/clases-de-encuadernacion-2\/#breadcrumb","itemListElement":[{"@type":"ListItem","position":1,"name":"Portada","item":"https:\/\/creandolibros.es\/encuadernacion-y-acuarela-en-santander-2\/"},{"@type":"ListItem","position":2,"name":"Clases de encuadernaci\u00f3n"}]},{"@type":"WebSite","@id":"https:\/\/creandolibros.es\/encuadernacion-y-acuarela-en-santander-2\/#website","url":"https:\/\/creandolibros.es\/encuadernacion-y-acuarela-en-santander-2\/","name":"Creando libros","description":"Escuela de encuadernaci\u00f3n artesanal y t\u00e9cnicas art\u00edsticas","publisher":{"@id":"https:\/\/creandolibros.es\/encuadernacion-y-acuarela-en-santander-2\/#organization"},"potentialAction":[{"@type":"SearchAction","target":{"@type":"EntryPoint","urlTemplate":"https:\/\/creandolibros.es\/encuadernacion-y-acuarela-en-santander-2\/?s={search_term_string}"},"query-input":{"@type":"PropertyValueSpecification","valueRequired":true,"valueName":"search_term_string"}}],"inLanguage":"es"},{"@type":"Organization","@id":"https:\/\/creandolibros.es\/encuadernacion-y-acuarela-en-santander-2\/#organization","name":"CreandoLibros","url":"https:\/\/creandolibros.es\/encuadernacion-y-acuarela-en-santander-2\/","logo":{"@type":"ImageObject","inLanguage":"es","@id":"https:\/\/creandolibros.es\/encuadernacion-y-acuarela-en-santander-2\/#\/schema\/logo\/image\/","url":"https:\/\/creandolibros.es\/wp-content\/uploads\/LOGOTIPO-DEFINITVO-02.png","contentUrl":"https:\/\/creandolibros.es\/wp-content\/uploads\/LOGOTIPO-DEFINITVO-02.png","width":2362,"height":886,"caption":"CreandoLibros"},"image":{"@id":"https:\/\/creandolibros.es\/encuadernacion-y-acuarela-en-santander-2\/#\/schema\/logo\/image\/"},"sameAs":["https:\/\/www.facebook.com\/creandolibrosarte"]}]}},"_links":{"self":[{"href":"https:\/\/creandolibros.es\/encuadernacion-y-acuarela-en-santander-2\/wp-json\/wp\/v2\/pages\/764","targetHints":{"allow":["GET"]}}],"collection":[{"href":"https:\/\/creandolibros.es\/encuadernacion-y-acuarela-en-santander-2\/wp-json\/wp\/v2\/pages"}],"about":[{"href":"https:\/\/creandolibros.es\/encuadernacion-y-acuarela-en-santander-2\/wp-json\/wp\/v2\/types\/page"}],"author":[{"embeddable":true,"href":"https:\/\/creandolibros.es\/encuadernacion-y-acuarela-en-santander-2\/wp-json\/wp\/v2\/users\/2"}],"replies":[{"embeddable":true,"href":"https:\/\/creandolibros.es\/encuadernacion-y-acuarela-en-santander-2\/wp-json\/wp\/v2\/comments?post=764"}],"version-history":[{"count":25,"href":"https:\/\/creandolibros.es\/encuadernacion-y-acuarela-en-santander-2\/wp-json\/wp\/v2\/pages\/764\/revisions"}],"predecessor-version":[{"id":1837,"href":"https:\/\/creandolibros.es\/encuadernacion-y-acuarela-en-santander-2\/wp-json\/wp\/v2\/pages\/764\/revisions\/1837"}],"wp:featuredmedia":[{"embeddable":true,"href":"https:\/\/creandolibros.es\/encuadernacion-y-acuarela-en-santander-2\/wp-json\/wp\/v2\/media\/775"}],"wp:attachment":[{"href":"https:\/\/creandolibros.es\/encuadernacion-y-acuarela-en-santander-2\/wp-json\/wp\/v2\/media?parent=764"}],"curies":[{"name":"wp","href":"https:\/\/api.w.org\/{rel}","templated":true}]}}