{"id":904,"date":"2022-08-23T17:26:43","date_gmt":"2022-08-23T17:26:43","guid":{"rendered":"https:\/\/creandolibros.es\/encuadernacion-y-acuarela-en-santander-2\/?page_id=904"},"modified":"2025-08-31T11:57:12","modified_gmt":"2025-08-31T11:57:12","slug":"clases-de-creatividad-infantil","status":"publish","type":"page","link":"https:\/\/creandolibros.es\/encuadernacion-y-acuarela-en-santander-2\/clases-de-creatividad-infantil\/","title":{"rendered":"Clases de creatividad infantil"},"content":{"rendered":"\n<p>Clases de creatividad infantil, a partir de 8 a\u00f1os, en Santander. Nos dimos cuenta de que las clases de encuadernaci\u00f3n infantil anteriores se fueron llenando de contenido creativo, por lo que ahora las hemos rebautizado para que el nombre responda al contenido. <br>Trabajaremos con diferentes t\u00e9cnicas y tem\u00e1ticas, y por supuesto tambi\u00e9n encuadernaremos. Pero <strong>lo que m\u00e1s nos interesa es hacer pensar al alumno\/a, m\u00e1s que los resultados en si. Desarrollar su pensamiento creativo para abordar un tema desde diferentes \u00e1ngulos.<\/strong> Propiciarles el descubrimiento de enfoques \u00abocultos\u00bb que ampl\u00eden su visi\u00f3n. Para que, finalmente, plasmen el resultado&nbsp;de sus reflexiones de la manera m\u00e1s creativa posible.<\/p>\n\n\n\n<p>Nuestra clase de creatividad se imparte todos <strong>los jueves, no festivos, de 17:15 a 18:45 h.<\/strong> Es una clase de grupo, con no m\u00e1s de cinco participantes. <strong>El precio es 55 \u20ac al mes, <\/strong>por una clase semanal de hora y media. <strong>Con una matr\u00edcula inicial de 50 \u20ac, a pagar el primer mes<\/strong>, si te inicias ahora. Si llevas m\u00e1s de un a\u00f1o con nosotros, el precio de la matr\u00edcula ser\u00e1 de 30 \u20ac. Para participar se requiere <strong>hacer cumplido los 8 a\u00f1os<\/strong>, y tener ganas de experimentar y divertirse.<\/p>\n\n\n\n<div class=\"wp-block-group is-vertical is-content-justification-center is-nowrap is-layout-flex wp-container-core-group-is-layout-8ebbe3b6 wp-block-group-is-layout-flex\">\n<p><strong>JUEVES<\/strong><br>De 17:15 a 18:45 h<br><br><strong>TARIFA<\/strong><br>55 \u20ac al mes<br><br><strong>Matr\u00edcula anual de 50\u202f<\/strong>\u20ac<br><br><\/p>\n\n\n\n<figure class=\"wp-block-image size-large\"><img loading=\"lazy\" decoding=\"async\" width=\"766\" height=\"1024\" src=\"https:\/\/creandolibros.es\/wp-content\/uploads\/CARTEL-GENERAL-CREATIVIDAD-2025-2026-850-766x1024.jpg\" alt=\"CLASES DE CREATIVIDAD 2025 2026 EN SANTANDER\" class=\"wp-image-1853\" srcset=\"https:\/\/creandolibros.es\/wp-content\/uploads\/CARTEL-GENERAL-CREATIVIDAD-2025-2026-850-766x1024.jpg 766w, https:\/\/creandolibros.es\/wp-content\/uploads\/CARTEL-GENERAL-CREATIVIDAD-2025-2026-850-224x300.jpg 224w, https:\/\/creandolibros.es\/wp-content\/uploads\/CARTEL-GENERAL-CREATIVIDAD-2025-2026-850-768x1027.jpg 768w, https:\/\/creandolibros.es\/wp-content\/uploads\/CARTEL-GENERAL-CREATIVIDAD-2025-2026-850-1149x1536.jpg 1149w, https:\/\/creandolibros.es\/wp-content\/uploads\/CARTEL-GENERAL-CREATIVIDAD-2025-2026-850-1532x2048.jpg 1532w, https:\/\/creandolibros.es\/wp-content\/uploads\/CARTEL-GENERAL-CREATIVIDAD-2025-2026-850-1200x1604.jpg 1200w, https:\/\/creandolibros.es\/wp-content\/uploads\/CARTEL-GENERAL-CREATIVIDAD-2025-2026-850.jpg 1755w\" sizes=\"auto, (max-width: 766px) 100vw, 766px\" \/><\/figure>\n<\/div>\n","protected":false},"excerpt":{"rendered":"<p>Clases de creatividad infantil, a partir de 8 a\u00f1os, en Santander. Nos dimos cuenta de que las clases de encuadernaci\u00f3n infantil anteriores se fueron llenando de contenido creativo, por lo que ahora las hemos rebautizado para que el nombre responda al contenido. Trabajaremos con diferentes t\u00e9cnicas y tem\u00e1ticas, y por supuesto tambi\u00e9n encuadernaremos. Pero lo [&hellip;]<\/p>\n","protected":false},"author":2,"featured_media":909,"parent":0,"menu_order":0,"comment_status":"closed","ping_status":"closed","template":"","meta":{"footnotes":""},"class_list":["post-904","page","type-page","status-publish","has-post-thumbnail","hentry","has-thumbnail"],"yoast_head":"<!-- This site is optimized with the Yoast SEO plugin v27.4 - https:\/\/yoast.com\/product\/yoast-seo-wordpress\/ -->\n<title>Clases de creatividad infantil - Creando libros<\/title>\n<meta name=\"description\" content=\"Clases de creatividad infantil, a partir de 8 a\u00f1os, impartidas por Creando Libros en Santander. Materiales y t\u00e9cnicas\" \/>\n<meta name=\"robots\" content=\"index, follow, max-snippet:-1, max-image-preview:large, max-video-preview:-1\" \/>\n<link rel=\"canonical\" href=\"https:\/\/creandolibros.es\/encuadernacion-y-acuarela-en-santander-2\/clases-de-creatividad-infantil\/\" \/>\n<meta property=\"og:locale\" content=\"es_ES\" \/>\n<meta property=\"og:type\" content=\"article\" \/>\n<meta property=\"og:title\" content=\"Clases de creatividad infantil - Creando libros\" \/>\n<meta property=\"og:description\" content=\"Clases de creatividad infantil, a partir de 8 a\u00f1os, impartidas por Creando Libros en Santander. Materiales y t\u00e9cnicas\" \/>\n<meta property=\"og:url\" content=\"https:\/\/creandolibros.es\/encuadernacion-y-acuarela-en-santander-2\/clases-de-creatividad-infantil\/\" \/>\n<meta property=\"og:site_name\" content=\"Creando libros\" \/>\n<meta property=\"article:publisher\" content=\"https:\/\/www.facebook.com\/creandolibrosarte\" \/>\n<meta property=\"article:modified_time\" content=\"2025-08-31T11:57:12+00:00\" \/>\n<meta property=\"og:image\" content=\"https:\/\/creandolibros.es\/wp-content\/uploads\/CLASES-DE-CREATIVIDAD-INFANTIL-5.jpg\" \/>\n\t<meta property=\"og:image:width\" content=\"1800\" \/>\n\t<meta property=\"og:image:height\" content=\"626\" \/>\n\t<meta property=\"og:image:type\" content=\"image\/jpeg\" \/>\n<meta name=\"twitter:card\" content=\"summary_large_image\" \/>\n<script type=\"application\/ld+json\" class=\"yoast-schema-graph\">{\"@context\":\"https:\\\/\\\/schema.org\",\"@graph\":[{\"@type\":\"WebPage\",\"@id\":\"https:\\\/\\\/creandolibros.es\\\/encuadernacion-y-acuarela-en-santander-2\\\/clases-de-creatividad-infantil\\\/\",\"url\":\"https:\\\/\\\/creandolibros.es\\\/encuadernacion-y-acuarela-en-santander-2\\\/clases-de-creatividad-infantil\\\/\",\"name\":\"Clases de creatividad infantil - Creando libros\",\"isPartOf\":{\"@id\":\"https:\\\/\\\/creandolibros.es\\\/encuadernacion-y-acuarela-en-santander-2\\\/#website\"},\"primaryImageOfPage\":{\"@id\":\"https:\\\/\\\/creandolibros.es\\\/encuadernacion-y-acuarela-en-santander-2\\\/clases-de-creatividad-infantil\\\/#primaryimage\"},\"image\":{\"@id\":\"https:\\\/\\\/creandolibros.es\\\/encuadernacion-y-acuarela-en-santander-2\\\/clases-de-creatividad-infantil\\\/#primaryimage\"},\"thumbnailUrl\":\"https:\\\/\\\/creandolibros.es\\\/wp-content\\\/uploads\\\/CLASES-DE-CREATIVIDAD-INFANTIL-5.jpg\",\"datePublished\":\"2022-08-23T17:26:43+00:00\",\"dateModified\":\"2025-08-31T11:57:12+00:00\",\"description\":\"Clases de creatividad infantil, a partir de 8 a\u00f1os, impartidas por Creando Libros en Santander. Materiales y t\u00e9cnicas\",\"breadcrumb\":{\"@id\":\"https:\\\/\\\/creandolibros.es\\\/encuadernacion-y-acuarela-en-santander-2\\\/clases-de-creatividad-infantil\\\/#breadcrumb\"},\"inLanguage\":\"es\",\"potentialAction\":[{\"@type\":\"ReadAction\",\"target\":[\"https:\\\/\\\/creandolibros.es\\\/encuadernacion-y-acuarela-en-santander-2\\\/clases-de-creatividad-infantil\\\/\"]}]},{\"@type\":\"ImageObject\",\"inLanguage\":\"es\",\"@id\":\"https:\\\/\\\/creandolibros.es\\\/encuadernacion-y-acuarela-en-santander-2\\\/clases-de-creatividad-infantil\\\/#primaryimage\",\"url\":\"https:\\\/\\\/creandolibros.es\\\/wp-content\\\/uploads\\\/CLASES-DE-CREATIVIDAD-INFANTIL-5.jpg\",\"contentUrl\":\"https:\\\/\\\/creandolibros.es\\\/wp-content\\\/uploads\\\/CLASES-DE-CREATIVIDAD-INFANTIL-5.jpg\",\"width\":1800,\"height\":626,\"caption\":\"CLASES DE CREATIVIDAD INFANTIL EN SANTANDER, IMPARTIDAS POR CREANDO LIBROS\"},{\"@type\":\"BreadcrumbList\",\"@id\":\"https:\\\/\\\/creandolibros.es\\\/encuadernacion-y-acuarela-en-santander-2\\\/clases-de-creatividad-infantil\\\/#breadcrumb\",\"itemListElement\":[{\"@type\":\"ListItem\",\"position\":1,\"name\":\"Portada\",\"item\":\"https:\\\/\\\/creandolibros.es\\\/encuadernacion-y-acuarela-en-santander-2\\\/\"},{\"@type\":\"ListItem\",\"position\":2,\"name\":\"Clases de creatividad infantil\"}]},{\"@type\":\"WebSite\",\"@id\":\"https:\\\/\\\/creandolibros.es\\\/encuadernacion-y-acuarela-en-santander-2\\\/#website\",\"url\":\"https:\\\/\\\/creandolibros.es\\\/encuadernacion-y-acuarela-en-santander-2\\\/\",\"name\":\"Creando libros\",\"description\":\"Escuela de encuadernaci\u00f3n artesanal y t\u00e9cnicas art\u00edsticas\",\"publisher\":{\"@id\":\"https:\\\/\\\/creandolibros.es\\\/encuadernacion-y-acuarela-en-santander-2\\\/#organization\"},\"potentialAction\":[{\"@type\":\"SearchAction\",\"target\":{\"@type\":\"EntryPoint\",\"urlTemplate\":\"https:\\\/\\\/creandolibros.es\\\/encuadernacion-y-acuarela-en-santander-2\\\/?s={search_term_string}\"},\"query-input\":{\"@type\":\"PropertyValueSpecification\",\"valueRequired\":true,\"valueName\":\"search_term_string\"}}],\"inLanguage\":\"es\"},{\"@type\":\"Organization\",\"@id\":\"https:\\\/\\\/creandolibros.es\\\/encuadernacion-y-acuarela-en-santander-2\\\/#organization\",\"name\":\"CreandoLibros\",\"url\":\"https:\\\/\\\/creandolibros.es\\\/encuadernacion-y-acuarela-en-santander-2\\\/\",\"logo\":{\"@type\":\"ImageObject\",\"inLanguage\":\"es\",\"@id\":\"https:\\\/\\\/creandolibros.es\\\/encuadernacion-y-acuarela-en-santander-2\\\/#\\\/schema\\\/logo\\\/image\\\/\",\"url\":\"https:\\\/\\\/creandolibros.es\\\/wp-content\\\/uploads\\\/LOGOTIPO-DEFINITVO-02.png\",\"contentUrl\":\"https:\\\/\\\/creandolibros.es\\\/wp-content\\\/uploads\\\/LOGOTIPO-DEFINITVO-02.png\",\"width\":2362,\"height\":886,\"caption\":\"CreandoLibros\"},\"image\":{\"@id\":\"https:\\\/\\\/creandolibros.es\\\/encuadernacion-y-acuarela-en-santander-2\\\/#\\\/schema\\\/logo\\\/image\\\/\"},\"sameAs\":[\"https:\\\/\\\/www.facebook.com\\\/creandolibrosarte\"]}]}<\/script>\n<!-- \/ Yoast SEO plugin. -->","yoast_head_json":{"title":"Clases de creatividad infantil - Creando libros","description":"Clases de creatividad infantil, a partir de 8 a\u00f1os, impartidas por Creando Libros en Santander. Materiales y t\u00e9cnicas","robots":{"index":"index","follow":"follow","max-snippet":"max-snippet:-1","max-image-preview":"max-image-preview:large","max-video-preview":"max-video-preview:-1"},"canonical":"https:\/\/creandolibros.es\/encuadernacion-y-acuarela-en-santander-2\/clases-de-creatividad-infantil\/","og_locale":"es_ES","og_type":"article","og_title":"Clases de creatividad infantil - Creando libros","og_description":"Clases de creatividad infantil, a partir de 8 a\u00f1os, impartidas por Creando Libros en Santander. Materiales y t\u00e9cnicas","og_url":"https:\/\/creandolibros.es\/encuadernacion-y-acuarela-en-santander-2\/clases-de-creatividad-infantil\/","og_site_name":"Creando libros","article_publisher":"https:\/\/www.facebook.com\/creandolibrosarte","article_modified_time":"2025-08-31T11:57:12+00:00","og_image":[{"width":1800,"height":626,"url":"https:\/\/creandolibros.es\/wp-content\/uploads\/CLASES-DE-CREATIVIDAD-INFANTIL-5.jpg","type":"image\/jpeg"}],"twitter_card":"summary_large_image","schema":{"@context":"https:\/\/schema.org","@graph":[{"@type":"WebPage","@id":"https:\/\/creandolibros.es\/encuadernacion-y-acuarela-en-santander-2\/clases-de-creatividad-infantil\/","url":"https:\/\/creandolibros.es\/encuadernacion-y-acuarela-en-santander-2\/clases-de-creatividad-infantil\/","name":"Clases de creatividad infantil - Creando libros","isPartOf":{"@id":"https:\/\/creandolibros.es\/encuadernacion-y-acuarela-en-santander-2\/#website"},"primaryImageOfPage":{"@id":"https:\/\/creandolibros.es\/encuadernacion-y-acuarela-en-santander-2\/clases-de-creatividad-infantil\/#primaryimage"},"image":{"@id":"https:\/\/creandolibros.es\/encuadernacion-y-acuarela-en-santander-2\/clases-de-creatividad-infantil\/#primaryimage"},"thumbnailUrl":"https:\/\/creandolibros.es\/wp-content\/uploads\/CLASES-DE-CREATIVIDAD-INFANTIL-5.jpg","datePublished":"2022-08-23T17:26:43+00:00","dateModified":"2025-08-31T11:57:12+00:00","description":"Clases de creatividad infantil, a partir de 8 a\u00f1os, impartidas por Creando Libros en Santander. Materiales y t\u00e9cnicas","breadcrumb":{"@id":"https:\/\/creandolibros.es\/encuadernacion-y-acuarela-en-santander-2\/clases-de-creatividad-infantil\/#breadcrumb"},"inLanguage":"es","potentialAction":[{"@type":"ReadAction","target":["https:\/\/creandolibros.es\/encuadernacion-y-acuarela-en-santander-2\/clases-de-creatividad-infantil\/"]}]},{"@type":"ImageObject","inLanguage":"es","@id":"https:\/\/creandolibros.es\/encuadernacion-y-acuarela-en-santander-2\/clases-de-creatividad-infantil\/#primaryimage","url":"https:\/\/creandolibros.es\/wp-content\/uploads\/CLASES-DE-CREATIVIDAD-INFANTIL-5.jpg","contentUrl":"https:\/\/creandolibros.es\/wp-content\/uploads\/CLASES-DE-CREATIVIDAD-INFANTIL-5.jpg","width":1800,"height":626,"caption":"CLASES DE CREATIVIDAD INFANTIL EN SANTANDER, IMPARTIDAS POR CREANDO LIBROS"},{"@type":"BreadcrumbList","@id":"https:\/\/creandolibros.es\/encuadernacion-y-acuarela-en-santander-2\/clases-de-creatividad-infantil\/#breadcrumb","itemListElement":[{"@type":"ListItem","position":1,"name":"Portada","item":"https:\/\/creandolibros.es\/encuadernacion-y-acuarela-en-santander-2\/"},{"@type":"ListItem","position":2,"name":"Clases de creatividad infantil"}]},{"@type":"WebSite","@id":"https:\/\/creandolibros.es\/encuadernacion-y-acuarela-en-santander-2\/#website","url":"https:\/\/creandolibros.es\/encuadernacion-y-acuarela-en-santander-2\/","name":"Creando libros","description":"Escuela de encuadernaci\u00f3n artesanal y t\u00e9cnicas art\u00edsticas","publisher":{"@id":"https:\/\/creandolibros.es\/encuadernacion-y-acuarela-en-santander-2\/#organization"},"potentialAction":[{"@type":"SearchAction","target":{"@type":"EntryPoint","urlTemplate":"https:\/\/creandolibros.es\/encuadernacion-y-acuarela-en-santander-2\/?s={search_term_string}"},"query-input":{"@type":"PropertyValueSpecification","valueRequired":true,"valueName":"search_term_string"}}],"inLanguage":"es"},{"@type":"Organization","@id":"https:\/\/creandolibros.es\/encuadernacion-y-acuarela-en-santander-2\/#organization","name":"CreandoLibros","url":"https:\/\/creandolibros.es\/encuadernacion-y-acuarela-en-santander-2\/","logo":{"@type":"ImageObject","inLanguage":"es","@id":"https:\/\/creandolibros.es\/encuadernacion-y-acuarela-en-santander-2\/#\/schema\/logo\/image\/","url":"https:\/\/creandolibros.es\/wp-content\/uploads\/LOGOTIPO-DEFINITVO-02.png","contentUrl":"https:\/\/creandolibros.es\/wp-content\/uploads\/LOGOTIPO-DEFINITVO-02.png","width":2362,"height":886,"caption":"CreandoLibros"},"image":{"@id":"https:\/\/creandolibros.es\/encuadernacion-y-acuarela-en-santander-2\/#\/schema\/logo\/image\/"},"sameAs":["https:\/\/www.facebook.com\/creandolibrosarte"]}]}},"_links":{"self":[{"href":"https:\/\/creandolibros.es\/encuadernacion-y-acuarela-en-santander-2\/wp-json\/wp\/v2\/pages\/904","targetHints":{"allow":["GET"]}}],"collection":[{"href":"https:\/\/creandolibros.es\/encuadernacion-y-acuarela-en-santander-2\/wp-json\/wp\/v2\/pages"}],"about":[{"href":"https:\/\/creandolibros.es\/encuadernacion-y-acuarela-en-santander-2\/wp-json\/wp\/v2\/types\/page"}],"author":[{"embeddable":true,"href":"https:\/\/creandolibros.es\/encuadernacion-y-acuarela-en-santander-2\/wp-json\/wp\/v2\/users\/2"}],"replies":[{"embeddable":true,"href":"https:\/\/creandolibros.es\/encuadernacion-y-acuarela-en-santander-2\/wp-json\/wp\/v2\/comments?post=904"}],"version-history":[{"count":19,"href":"https:\/\/creandolibros.es\/encuadernacion-y-acuarela-en-santander-2\/wp-json\/wp\/v2\/pages\/904\/revisions"}],"predecessor-version":[{"id":1854,"href":"https:\/\/creandolibros.es\/encuadernacion-y-acuarela-en-santander-2\/wp-json\/wp\/v2\/pages\/904\/revisions\/1854"}],"wp:featuredmedia":[{"embeddable":true,"href":"https:\/\/creandolibros.es\/encuadernacion-y-acuarela-en-santander-2\/wp-json\/wp\/v2\/media\/909"}],"wp:attachment":[{"href":"https:\/\/creandolibros.es\/encuadernacion-y-acuarela-en-santander-2\/wp-json\/wp\/v2\/media?parent=904"}],"curies":[{"name":"wp","href":"https:\/\/api.w.org\/{rel}","templated":true}]}}